{"id":1027,"date":"2024-09-24T17:52:19","date_gmt":"2024-09-24T15:52:19","guid":{"rendered":"https:\/\/www.add-genealogia.es\/nosotros\/"},"modified":"2025-03-05T14:53:46","modified_gmt":"2025-03-05T13:53:46","slug":"uber-uns","status":"publish","type":"page","link":"https:\/\/www.add-genealogia.es\/de\/uber-uns\/","title":{"rendered":"Wer wir sind"},"content":{"rendered":"\n<div class=\"wp-block-group is-style-container\"><div class=\"wp-block-group__inner-container is-layout-constrained wp-block-group-is-layout-constrained\">\n<h2 class=\"wp-block-heading\"><strong>Unsere Ziele<\/strong><\/h2>\n\n\n\n<p>Effizienz und Qualit\u00e4t:&nbsp;Die besten personellen und technologischen Ressourcen einsetzen, um Ihnen eine schnelle genealogische Recherche mit einem H\u00f6chstma\u00df an Kundenservice zu bieten.&nbsp;<\/p>\n\n\n\n<p>Geografische Abdeckung und Schnelligkeit:&nbsp;\u00dcber einen einzigen Ansprechpartner Erben so schnell wie m\u00f6glich finden, ganz gleich, auf welchem der f\u00fcnf Kontinente sie sich befinden.&nbsp;<\/p>\n\n\n\n<p>Operative Exzellenz und technologische Innovation:<\/p>\n\n\n\n<ul class=\"wp-block-list\">\n<li>ADD Data: eine eigene genealogische Datenbank mit mehr als 500.000.000 digitalisierten und indexierten Eintr\u00e4gen.<\/li>\n\n\n\n<li>Digitaler Stammbaum (TGD)<\/li>\n\n\n\n<li>Elektronische Signatur von Dokumenten<\/li>\n<\/ul>\n\n\n\n<div class=\"wp-block-buttons is-layout-flex wp-block-buttons-is-layout-flex\">\n<div class=\"wp-block-button\"><a class=\"wp-block-button__link wp-element-button\" href=\"https:\/\/www.add-genealogia.es\/contacto\/\"><strong>Kontaktieren Sie uns<\/strong><\/a><\/div>\n<\/div>\n<\/div><\/div>\n\n\n\n<div class=\"wp-block-group is-style-container\"><div class=\"wp-block-group__inner-container is-layout-constrained wp-block-group-is-layout-constrained\">\n<h2 class=\"wp-block-heading\"><strong>Das F\u00fchrungsteam<\/strong><\/h2>\n\n\n\n<p>Unser Team in Madrid besteht aus erfahrenen Fachleuten, die auf die Erbenermittlung und die Bearbeitung ungel\u00f6ster Nachlassf\u00e4lle spezialisiert sind.<\/p>\n\n\n\n<p><div class=\"wp-block-columns is-layout-flex wp-container-core-columns-is-layout-1 wp-block-columns-is-layout-flex\" style=\"gap: var(--bs-gutter-x);flex-wrap: nowrap;font-size: 16px\"><div class=\"wp-block-column is-layout-flow wp-block-column-is-layout-flow\" style=\"flex-grow: 1\"><figure class=\"wp-block-gallery has-nested-images columns-default is-cropped wp-block-gallery-1 is-layout-flex wp-block-gallery-is-layout-flex\" style=\"margin-bottom: 0px;gap: var( --wp--style--gallery-gap-default, var( --gallery-block--gutter-size, var( --wp--style--block-gap, 0.5em ) ) );--wp--style--unstable-gallery-gap: var( --wp--style--gallery-gap-default, var( --gallery-block--gutter-size, var( --wp--style--block-gap, 0.5em ) ) )\"><\/figure><\/div><\/div><\/p>\n\n\n\n\n\n                <div class=\"splide splide--gutenberg is-splide-team\" aria-labelledby=\"carousel-heading\">\n            <div class=\"splide__arrows splide__arrows--static\"><\/div>\n            <div class=\"splide__track\">\n                <ul class=\"splide__list\">\n                                            <li class=\"splide__slide\">\n                            <figure class=\"card card--humans\">\n                                <img loading=\"lazy\" decoding=\"async\" src=\"https:\/\/www.add-genealogia.es\/wp-content\/uploads\/sites\/2\/2024\/10\/Pierre-COYOLA-ADD-Genealogia.png\" data-id=\"413\" data-style=\"office-details-genealogist\" width=\"356\" height=\"450\" alt=\"\">\n                                <figcaption class=\"card-body\">\n                                    <p class=\"card-title\">\n                                        Pierre COYOLA                                         <span class=\"card-text\">Stellvertretender Direktor<br>Spanisch, Englisch und Franz\u00f6sisch<\/span>\n                                    <\/p>\n                                <\/figcaption>\n                            <\/figure>\n                        <\/li>\n                                            <li class=\"splide__slide\">\n                            <figure class=\"card card--humans\">\n                                <img loading=\"lazy\" decoding=\"async\" src=\"https:\/\/www.add-genealogia.es\/wp-content\/uploads\/sites\/2\/2024\/10\/Juan-JOSE-GONZALEZ-ADD-Genealogia.png\" data-id=\"413\" data-style=\"office-details-genealogist\" width=\"356\" height=\"450\" alt=\"\">\n                                <figcaption class=\"card-body\">\n                                    <p class=\"card-title\">\n                                        Juan JOS\u00c9 GONZ\u00c1LEZ                                        <span class=\"card-text\">Ermittler<br>Spanisch, Galizisch und Portugiesisch<\/span>\n                                    <\/p>\n                                <\/figcaption>\n                            <\/figure>\n                        <\/li>\n                                            <li class=\"splide__slide\">\n                            <figure class=\"card card--humans\">\n                                <img loading=\"lazy\" decoding=\"async\" src=\"https:\/\/www.add-genealogia.es\/wp-content\/uploads\/sites\/2\/2024\/10\/Nuno-FERNANDES-ADD-Genealogia.png\" data-id=\"413\" data-style=\"office-details-genealogist\" width=\"356\" height=\"450\" alt=\"\">\n                                <figcaption class=\"card-body\">\n                                    <p class=\"card-title\">\n                                        Nuno FERNANDES                                        <span class=\"card-text\">Ermittler<br>Spanisch, Englisch, Italienisch, Portugiesisch und Franz\u00f6sisch<\/span>\n                                    <\/p>\n                                <\/figcaption>\n                            <\/figure>\n                        <\/li>\n                                    <\/ul>\n            <\/div>\n        <\/div>\n    <\/div><\/div>\n\n\n\n<div class=\"wp-block-group is-style-container\"><div class=\"wp-block-group__inner-container is-layout-constrained wp-block-group-is-layout-constrained\">\n<h2 class=\"wp-block-heading\"><strong>Unsere Werte<\/strong><\/h2>\n\n\n\n<p>Berufsethos, Garantien und Zertifizierungen bilden die Grundlage unserer Arbeit: Da Nachl\u00e4sse und Erbschaften komplex und sensibel sind, sind Vertrauen und Berufsethos wesentliche Bestandteile des Ansatzes von ADD GENEALOG\u00cdA.&nbsp;<\/p>\n\n\n\n<p>Wir spielen eine aktive Rolle in den Regulierungsgremien unseres Berufsstands, der durch einen Ethik- und Berufskodex geregelt ist.<\/p>\n\n\n\n<p>Wir bieten strenge Garantien, die weit \u00fcber die geforderten Standards hinausgehen und den Beteiligten, seien es Fachleute oder Erben, einen wesentlichen Schutz bieten:<\/p>\n\n\n\n<ul class=\"wp-block-list\">\n<li>Sicheres Treuhandkonto bei der Caisse des D\u00e9p\u00f4ts et Consignations<\/li>\n\n\n\n<li>J\u00e4hrliche unabh\u00e4ngige Pr\u00fcfung durch KPMG&nbsp;<\/li>\n<\/ul>\n<\/div><\/div>\n\n\n\n<div class=\"wp-block-group is-style-default has-light-background-color has-background\"><div class=\"wp-block-group__inner-container is-layout-constrained wp-block-group-is-layout-constrained\">\n\n\n<div class=\"wp-block-group is-style-container is-layout-constrained\" style=\"overflow:hidden\">    <div class=\"splide is-splide-section-card container\" aria-labelledby=\"carousel-heading\">\n        <div class=\"row row--section\">\n            <div class=\"col-12 col-md-6 col-lg-5 content\">\n                <h2 id=\"carousel-heading\"><\/h2>\n                                    <p><h2>Unsere Leistungen<\/h2><br \/>\r\nUnsere Erfahrung auf dem Gebiet der Erbenermittlung, verbunden mit unserer internationalen Ausrichtung, gew\u00e4hrleistet eine effiziente, schnelle und individuelle Bearbeitung der verschiedenen erbrechtlichen Herausforderungen, mit denen sowohl Juristen als auch Privatpersonen konfrontiert sind.<\/p>\n                \n                                                    \n                <div class=\"splide__arrows splide__arrows--static\"><\/div>\n            <\/div>\n\n            <div class=\"col-10 col-sm-12 col-md-6 col-lg-7 col-xl-6 slider offset-xl-1\">\n                <div class=\"splide__track\">\n                    <ul class=\"splide__list\">\n                                                    <li class=\"splide__slide\">\n                                \n<div class=\"card card--prestation card--bg\">\n    <div class=\"card-body\">\n        <h3 class=\"card-title\">Erbenermittlung<\/h3>\n                    <p class=\"card-text\">ADD GENEALOG\u00cdA findet Erbberechtigte auf der ganzen Welt und garantiert die Wahrung ihrer Rechte bi &#8230;<\/p>\n            <\/div>\n    <div class=\"card-footer\">\n        <a href=\"https:\/\/www.add-genealogia.es\/de\/dienstleistungen\/erbenermittlung\/\" class=\"btn btn-light btn-icon stretched-link\">\n            <svg alt=\"arrow\" width=\"11\" height=\"11\" class=\"icon lien\" ><use xlink:href=\"https:\/\/www.add-genealogia.es\/wp-content\/themes\/add\/dist\/icons\/sprite.svg#arrow\"><\/use><\/svg>        <\/a>\n    <\/div>\n<\/div>\n                            <\/li>\n                                                    <li class=\"splide__slide\">\n                                \n<div class=\"card card--prestation card--bg\">\n    <div class=\"card-body\">\n        <h3 class=\"card-title\">Doppelte Staatsb\u00fcrgerschaft durch Abstammung<\/h3>\n                    <p class=\"card-text\">ADD GENEALOG\u00cdA ist spezialisiert auf die Beschaffung von Unterlagen, die f\u00fcr den Erwerb der europ? &#8230;<\/p>\n            <\/div>\n    <div class=\"card-footer\">\n        <a href=\"https:\/\/www.add-genealogia.es\/de\/dienstleistungen\/doppelte-staatsburgerschaft\/\" class=\"btn btn-light btn-icon stretched-link\">\n            <svg alt=\"arrow\" width=\"11\" height=\"11\" class=\"icon lien\" ><use xlink:href=\"https:\/\/www.add-genealogia.es\/wp-content\/themes\/add\/dist\/icons\/sprite.svg#arrow\"><\/use><\/svg>        <\/a>\n    <\/div>\n<\/div>\n                            <\/li>\n                                            <\/ul>\n                <\/div>\n            <\/div>\n        <\/div>\n    <\/div>\n<\/div>\n<\/div><\/div>\n\n\n\n<div class=\"wp-block-group\"><div class=\"wp-block-group__inner-container is-layout-constrained wp-block-group-is-layout-constrained\">\n<div class=\"wp-block-columns is-layout-flex wp-container-core-columns-is-layout-9d6595d7 wp-block-columns-is-layout-flex\">\n<div class=\"wp-block-column is-vertically-aligned-center is-layout-flow wp-block-column-is-layout-flow\">\n<h2 class=\"wp-block-heading\"><strong>Netzwerk von Niederlassungen<\/strong><\/h2>\n\n\n\n<p>ADD GENEALOG\u00cdA ist Teil der Gruppe ADD ASSOCI\u00c9S, eines der weltweit f\u00fchrenden Unternehmen im Bereich der Erbenermittlung:<\/p>\n\n\n\n<ul class=\"wp-block-list\">\n<li>28 Niederlassungen in Frankreich und 8 in anderen L\u00e4ndern&nbsp;<\/li>\n\n\n\n<li>Unser internes internationales Forschungsteam besteht aus mehrsprachigen Experten, die in der Lage sind, auf allen f\u00fcnf Kontinenten genealogische Recherchen durchzuf\u00fchren, Erben zu ermitteln und diese schnell ausfindig zu machen.&nbsp;<\/li>\n\n\n\n<li>ADD Data: eine exklusive genealogische Datenbank mit mehr als 500 Millionen digitalisierten und indexierten Datens\u00e4tzen&nbsp;&nbsp;<\/li>\n\n\n\n<li>Digitaler Stammbaum (TGD)&nbsp;&nbsp;<\/li>\n\n\n\n<li>Elektronische Signatur von Dokumenten&nbsp;&nbsp;<\/li>\n<\/ul>\n\n\n\n<p>Dank dieser Ressourcen sind wir in der Lage, in k\u00fcrzester Zeit Nachforschungen anzustellen und Beg\u00fcnstigte auf der ganzen Welt ausfindig zu machen.&nbsp;os.<\/p>\n<\/div>\n\n\n\n<div class=\"wp-block-column is-vertically-aligned-center is-layout-flow wp-block-column-is-layout-flow\"><div class=\"wp-block-image is-style-rounded\">\n<figure class=\"aligncenter size-full is-resized\"><img loading=\"lazy\" decoding=\"async\" width=\"1000\" height=\"560\" src=\"https:\/\/www.add-genealogia.es\/wp-content\/uploads\/sites\/2\/2024\/10\/Red-de-oficinas-internacionales.jpg\" alt=\"\" class=\"wp-image-781\" style=\"aspect-ratio:3\/2;object-fit:cover;width:512px;height:auto\" srcset=\"https:\/\/www.add-genealogia.es\/wp-content\/uploads\/sites\/2\/2024\/10\/Red-de-oficinas-internacionales.jpg 1000w, https:\/\/www.add-genealogia.es\/wp-content\/uploads\/sites\/2\/2024\/10\/Red-de-oficinas-internacionales-300x168.jpg 300w, https:\/\/www.add-genealogia.es\/wp-content\/uploads\/sites\/2\/2024\/10\/Red-de-oficinas-internacionales-768x430.jpg 768w, https:\/\/www.add-genealogia.es\/wp-content\/uploads\/sites\/2\/2024\/10\/Red-de-oficinas-internacionales-662x371.jpg 662w, https:\/\/www.add-genealogia.es\/wp-content\/uploads\/sites\/2\/2024\/10\/Red-de-oficinas-internacionales-985x551.jpg 985w, https:\/\/www.add-genealogia.es\/wp-content\/uploads\/sites\/2\/2024\/10\/Red-de-oficinas-internacionales-512x286.jpg 512w\" sizes=\"auto, (max-width: 1000px) 100vw, 1000px\" \/><\/figure>\n<\/div><\/div>\n<\/div>\n<\/div><\/div>\n\n\n\n<div class=\"wp-block-group has-light-background-color has-background\"><div class=\"wp-block-group__inner-container is-layout-constrained wp-block-group-is-layout-constrained\">\n<div class=\"wp-block-columns is-layout-flex wp-container-core-columns-is-layout-9d6595d7 wp-block-columns-is-layout-flex\">\n<div class=\"wp-block-column is-vertically-aligned-center is-layout-flow wp-block-column-is-layout-flow\"><div class=\"wp-block-image is-style-rounded\">\n<figure class=\"aligncenter size-large is-resized\"><img loading=\"lazy\" decoding=\"async\" width=\"1024\" height=\"677\" src=\"https:\/\/www.add-genealogia.es\/wp-content\/uploads\/sites\/2\/2024\/10\/Contactenos-hoy-1024x677.png\" alt=\"\" class=\"wp-image-666\" style=\"aspect-ratio:3\/2;object-fit:cover;width:512px\" srcset=\"https:\/\/www.add-genealogia.es\/wp-content\/uploads\/sites\/2\/2024\/10\/Contactenos-hoy-1024x677.png 1024w, https:\/\/www.add-genealogia.es\/wp-content\/uploads\/sites\/2\/2024\/10\/Contactenos-hoy-300x198.png 300w, https:\/\/www.add-genealogia.es\/wp-content\/uploads\/sites\/2\/2024\/10\/Contactenos-hoy-768x508.png 768w, https:\/\/www.add-genealogia.es\/wp-content\/uploads\/sites\/2\/2024\/10\/Contactenos-hoy-662x438.png 662w, https:\/\/www.add-genealogia.es\/wp-content\/uploads\/sites\/2\/2024\/10\/Contactenos-hoy.png 1080w\" sizes=\"auto, (max-width: 1024px) 100vw, 1024px\" \/><\/figure>\n<\/div><\/div>\n\n\n\n<div class=\"wp-block-column is-vertically-aligned-center is-layout-flow wp-block-column-is-layout-flow\">\n<h2 class=\"wp-block-heading\"><strong>Kontaktieren Sie uns noch heute<\/strong><\/h2>\n\n\n\n<p>Wenn Sie Fragen zur Erbensuche, zur doppelten Staatsb\u00fcrgerschaft oder zu&nbsp; anderen Fragen der Ahnenforschung haben, k\u00f6nnen Sie sich jederzeit an uns wenden. Wir bei ADD GENEALOG\u00cdA greifen auf \u00fcber 30 Jahre Erfahrung zur\u00fcck und ein Team, das bereit ist, Ihnen bei der Suche der erforderlichen Unterlagen zu helfen. Kontaktieren Sie uns noch heute, um gemeinsam die M\u00f6glichkeiten einer europ\u00e4ischen Staatsb\u00fcrgerschaft zu pr\u00fcfen.<\/p>\n\n\n\n<div class=\"wp-block-buttons is-layout-flex wp-block-buttons-is-layout-flex\">\n<div class=\"wp-block-button\"><a class=\"wp-block-button__link wp-element-button\" href=\"https:\/\/www.add-genealogia.es\/contacto\/\"><strong>Kontaktieren Sie unS<\/strong><\/a><\/div>\n<\/div>\n<\/div>\n<\/div>\n\n\n\n<p><\/p>\n<\/div><\/div>\n\n\n\n<p><\/p>\n","protected":false},"excerpt":{"rendered":"<p>Unsere Ziele Effizienz und Qualit\u00e4t:&nbsp;Die besten personellen und technologischen Ressourcen einsetzen, um Ihnen eine schnelle genealogische Recherche mit einem H\u00f6chstma\u00df an Kundenservice zu bieten.&nbsp; Geografische Abdeckung und Schnelligkeit:&nbsp;\u00dcber einen einzigen Ansprechpartner Erben so schnell wie m\u00f6glich finden, ganz gleich, auf welchem der f\u00fcnf Kontinente sie sich befinden.&nbsp; Operative Exzellenz und technologische Innovation: Das F\u00fchrungsteam Unser [&hellip;]<\/p>\n","protected":false},"author":19,"featured_media":0,"parent":0,"menu_order":0,"comment_status":"closed","ping_status":"closed","template":"","meta":{"_acf_changed":false,"footnotes":""},"class_list":["post-1027","page","type-page","status-publish","hentry"],"acf":[],"_links":{"self":[{"href":"https:\/\/www.add-genealogia.es\/de\/wp-json\/wp\/v2\/pages\/1027","targetHints":{"allow":["GET"]}}],"collection":[{"href":"https:\/\/www.add-genealogia.es\/de\/wp-json\/wp\/v2\/pages"}],"about":[{"href":"https:\/\/www.add-genealogia.es\/de\/wp-json\/wp\/v2\/types\/page"}],"author":[{"embeddable":true,"href":"https:\/\/www.add-genealogia.es\/de\/wp-json\/wp\/v2\/users\/19"}],"replies":[{"embeddable":true,"href":"https:\/\/www.add-genealogia.es\/de\/wp-json\/wp\/v2\/comments?post=1027"}],"version-history":[{"count":0,"href":"https:\/\/www.add-genealogia.es\/de\/wp-json\/wp\/v2\/pages\/1027\/revisions"}],"wp:attachment":[{"href":"https:\/\/www.add-genealogia.es\/de\/wp-json\/wp\/v2\/media?parent=1027"}],"curies":[{"name":"wp","href":"https:\/\/api.w.org\/{rel}","templated":true}]}}