{"id":1046,"date":"2024-10-16T14:32:11","date_gmt":"2024-10-16T12:32:11","guid":{"rendered":"https:\/\/www.add-genealogia.es\/aviso-legal\/"},"modified":"2025-02-11T15:10:01","modified_gmt":"2025-02-11T14:10:01","slug":"impressum","status":"publish","type":"page","link":"https:\/\/www.add-genealogia.es\/de\/impressum\/","title":{"rendered":"Impressum"},"content":{"rendered":"\n<div class=\"wp-block-group is-style-container\"><div class=\"wp-block-group__inner-container is-layout-constrained wp-block-group-is-layout-constrained\">\n<h2 class=\"wp-block-heading\">Angaben zum Herausgeber<\/h2>\n\n\n\n<p>Firmenname: ADD GENEALOGIA<\/p>\n\n\n\n<p>Firmensitz: Calle Velazquez 34, 28001 Madrid, Spanien<\/p>\n\n\n\n<p>Telefon-Nr.:&nbsp;<a href=\"tel:+34%20919%2049%2069%2036\">+34 919 49 69 36<\/a><\/p>\n\n\n\n<p>Fax:&nbsp;<a href=\"tel:+34%20919%2049%2069%2036\">+34 919 49 69 36<\/a><\/p>\n\n\n\n<p>E-Mail-Adresse: info@add-genealogia.es<\/p>\n\n\n\n<p>Steueridentifikationsnummer (NIF): B19871920<\/p>\n\n\n\n<p>Gesellschaftskapital: S.L. mit einem Kapital von 3.000 \u20ac&nbsp;<\/p>\n\n\n\n<h2 class=\"wp-block-heading\">Angaben zum Webdesigner<\/h2>\n\n\n\n<p>Firmenname:&nbsp;<a href=\"https:\/\/www.vigicorp.fr\/\" target=\"_blank\" rel=\"noreferrer noopener\">Vigicorp<\/a><\/p>\n\n\n\n<p>Firmensitz: 49 quai \u00c9mile Cormerais, B\u00e2timent C. 44 800 Saint-Herblain.&nbsp;<\/p>\n\n\n\n<p>Telefon-Nr.: 02 28 03 55 51<\/p>\n\n\n\n<h2 class=\"wp-block-heading\">Angaben zum Hosting<\/h2>\n\n\n\n<p>OVH<\/p>\n\n\n\n<h2 class=\"wp-block-heading\">Datenschutz-Grundverordnung<\/h2>\n\n\n\n<p>Wir weisen darauf hin, dass personenbezogene Daten (wie Daten aus dem Standesamt, Namenslisten der Bev\u00f6lkerungsregister, W\u00e4hlerlisten, Nachlass- und Abwesenheitsverzeichnisse, Matrikelb\u00fccher, Todesanzeigen usw.) von der Genealogie-Agentur ADD GENEALOGIA automatisiert verarbeitet werden, um Erben ausfindig zu machen.\u00a0<\/p>\n\n\n\n<p>Die gesammelten Daten sind ausschlie\u00dflich f\u00fcr den internen Gebrauch der Kanzlei bestimmt.\u00a0<\/p>\n\n\n\n<p>Sie sind dazu berechtigt, auf ihre Daten zuzugreifen und diese zu berichtigen. Sie haben au\u00dferdem das Recht, der Verarbeitung der Daten aus legitimen Gr\u00fcnden zu widersprechen.\u00a0<\/p>\n\n\n\n<p>Um Ihre Rechte auszu\u00fcben, wenden Sie sich bitte:&nbsp;<\/p>\n\n\n\n<p>per Post an ADD Geneolog\u00eda \u2013 Calle Velazquez 34, 28001 Madrid, Spanien<\/p>\n<\/div><\/div>\n","protected":false},"excerpt":{"rendered":"<p>Angaben zum Herausgeber Firmenname: ADD GENEALOGIA Firmensitz: Calle Velazquez 34, 28001 Madrid, Spanien Telefon-Nr.:&nbsp;+34 919 49 69 36 Fax:&nbsp;+34 919 49 69 36 E-Mail-Adresse: info@add-genealogia.es Steueridentifikationsnummer (NIF): B19871920 Gesellschaftskapital: S.L. mit einem Kapital von 3.000 \u20ac&nbsp; Angaben zum Webdesigner Firmenname:&nbsp;Vigicorp Firmensitz: 49 quai \u00c9mile Cormerais, B\u00e2timent C. 44 800 Saint-Herblain.&nbsp; Telefon-Nr.: 02 28 03 55 [&hellip;]<\/p>\n","protected":false},"author":19,"featured_media":0,"parent":0,"menu_order":0,"comment_status":"closed","ping_status":"closed","template":"","meta":{"_acf_changed":false,"footnotes":""},"class_list":["post-1046","page","type-page","status-publish","hentry"],"acf":[],"_links":{"self":[{"href":"https:\/\/www.add-genealogia.es\/de\/wp-json\/wp\/v2\/pages\/1046","targetHints":{"allow":["GET"]}}],"collection":[{"href":"https:\/\/www.add-genealogia.es\/de\/wp-json\/wp\/v2\/pages"}],"about":[{"href":"https:\/\/www.add-genealogia.es\/de\/wp-json\/wp\/v2\/types\/page"}],"author":[{"embeddable":true,"href":"https:\/\/www.add-genealogia.es\/de\/wp-json\/wp\/v2\/users\/19"}],"replies":[{"embeddable":true,"href":"https:\/\/www.add-genealogia.es\/de\/wp-json\/wp\/v2\/comments?post=1046"}],"version-history":[{"count":0,"href":"https:\/\/www.add-genealogia.es\/de\/wp-json\/wp\/v2\/pages\/1046\/revisions"}],"wp:attachment":[{"href":"https:\/\/www.add-genealogia.es\/de\/wp-json\/wp\/v2\/media?parent=1046"}],"curies":[{"name":"wp","href":"https:\/\/api.w.org\/{rel}","templated":true}]}}