{"id":1057,"date":"2024-10-16T14:31:10","date_gmt":"2024-10-16T12:31:10","guid":{"rendered":"https:\/\/www.add-genealogia.es\/politica-de-confidencialidad\/"},"modified":"2025-02-11T15:11:41","modified_gmt":"2025-02-11T14:11:41","slug":"datenschutzrichtlinie","status":"publish","type":"page","link":"https:\/\/www.add-genealogia.es\/de\/datenschutzrichtlinie\/","title":{"rendered":"Datenschutzrichtlinie"},"content":{"rendered":"\n<div class=\"wp-block-group is-style-container\"><div class=\"wp-block-group__inner-container is-layout-constrained wp-block-group-is-layout-constrained\">\n<p>Die EU-Verordnung 2016\/679 des Europ\u00e4ischen Parlaments und des Rates vom 27. April 2016 zum Schutz nat\u00fcrlicher Personen bei der Verarbeitung personenbezogener Daten und zum freien Datenverkehr, auch Datenschutz-Grundverordnung (im Folgenden DSGVO) genannt, legt den Rechtsrahmen f\u00fcr die Verarbeitung personenbezogener Daten fest.&nbsp;<\/p>\n\n\n\n<p>Die DSGVO st\u00e4rkt die Rechte und Pflichten der f\u00fcr die Verarbeitung Verantwortlichen, der Auftragsverarbeiter, der betroffenen Personen und der Empf\u00e4nger der Daten.&nbsp;<\/p>\n\n\n\n<p>Im Rahmen der T\u00e4tigkeit von ADD &amp; Associ\u00e9s ist das Unternehmen m\u00f6glicherweise gehalten, personenbezogene Daten aktueller und k\u00fcnftiger Kunden zu verarbeiten.&nbsp;<\/p>\n\n\n\n<p>Zum besseren Verst\u00e4ndnis dieser Datenschutzrichtlinie wird Folgendes klargestellt:&nbsp;<\/p>\n\n\n\n<ul class=\"wp-block-list\">\n<li>der \u201ef\u00fcr die Verarbeitung Verantwortliche\u201c bezeichnet ADD &amp; Associ\u00e9s;\u00a0<\/li>\n\n\n\n<li>\u201eAuftragsverarbeiter\u201c bezeichnet jede nat\u00fcrliche oder juristische Person, die personenbezogene Daten im Auftrag von ADD &amp; Associ\u00e9s verarbeitet;\u00a0<\/li>\n\n\n\n<li>\u201eBetroffene Personen\u201c bezeichnet die Erben und\/oder zuk\u00fcnftigen Erben, die von ADD &amp; Associ\u00e9s ermittelt werden;\u00a0<\/li>\n\n\n\n<li>\u201eEmpf\u00e4nger\u201c bezeichnet die nat\u00fcrlichen oder juristischen Person, die personenbezogene Daten von ADD &amp; Associ\u00e9s \u00fcbermittelt bekommen. Bei den Empf\u00e4ngern der Daten kann es sich um Mitarbeitende von ADD &amp; Associ\u00e9s sowie um externe Organisationen handeln (Partner, Banken, IT-Dienstleister usw.).\u00a0<\/li>\n<\/ul>\n\n\n\n<p>Artikel 12 der DSGVO fordert, dass die betroffenen Personen in pr\u00e4ziser, transparenter, verst\u00e4ndlicher und leicht zug\u00e4nglicher Form \u00fcber ihre Rechte informiert werden.<\/p>\n<\/div><\/div>\n","protected":false},"excerpt":{"rendered":"<p>Die EU-Verordnung 2016\/679 des Europ\u00e4ischen Parlaments und des Rates vom 27. April 2016 zum Schutz nat\u00fcrlicher Personen bei der Verarbeitung personenbezogener Daten und zum freien Datenverkehr, auch Datenschutz-Grundverordnung (im Folgenden DSGVO) genannt, legt den Rechtsrahmen f\u00fcr die Verarbeitung personenbezogener Daten fest.&nbsp; Die DSGVO st\u00e4rkt die Rechte und Pflichten der f\u00fcr die Verarbeitung Verantwortlichen, der Auftragsverarbeiter, [&hellip;]<\/p>\n","protected":false},"author":19,"featured_media":0,"parent":0,"menu_order":0,"comment_status":"closed","ping_status":"closed","template":"","meta":{"_acf_changed":false,"footnotes":""},"class_list":["post-1057","page","type-page","status-publish","hentry"],"acf":[],"_links":{"self":[{"href":"https:\/\/www.add-genealogia.es\/de\/wp-json\/wp\/v2\/pages\/1057","targetHints":{"allow":["GET"]}}],"collection":[{"href":"https:\/\/www.add-genealogia.es\/de\/wp-json\/wp\/v2\/pages"}],"about":[{"href":"https:\/\/www.add-genealogia.es\/de\/wp-json\/wp\/v2\/types\/page"}],"author":[{"embeddable":true,"href":"https:\/\/www.add-genealogia.es\/de\/wp-json\/wp\/v2\/users\/19"}],"replies":[{"embeddable":true,"href":"https:\/\/www.add-genealogia.es\/de\/wp-json\/wp\/v2\/comments?post=1057"}],"version-history":[{"count":0,"href":"https:\/\/www.add-genealogia.es\/de\/wp-json\/wp\/v2\/pages\/1057\/revisions"}],"wp:attachment":[{"href":"https:\/\/www.add-genealogia.es\/de\/wp-json\/wp\/v2\/media?parent=1057"}],"curies":[{"name":"wp","href":"https:\/\/api.w.org\/{rel}","templated":true}]}}