{"id":1067,"date":"2024-10-16T16:19:19","date_gmt":"2024-10-16T14:19:19","guid":{"rendered":"https:\/\/www.add-genealogia.es\/he-sido-contactado-por-add-genealogia\/"},"modified":"2025-02-11T15:33:03","modified_gmt":"2025-02-11T14:33:03","slug":"ich-wurde-von-add-genealogia-kontaktier","status":"publish","type":"page","link":"https:\/\/www.add-genealogia.es\/de\/ich-wurde-von-add-genealogia-kontaktier\/","title":{"rendered":"Wurden Sie von ADD GENEALOG\u00cdA kontaktiert?"},"content":{"rendered":"\n<div class=\"wp-block-group is-style-container\"><div class=\"wp-block-group__inner-container is-layout-constrained wp-block-group-is-layout-constrained\">\n<h2 class=\"wp-block-heading\">Wer ist ADD GENEALOG\u00cdA?<\/h2>\n\n\n\n<p>Tochtergesellschaft von ADD ASSOCI\u00c9S, einem weltweit f\u00fchrenden Unternehmen im Bereich der genealogischen Forschung.&nbsp;<\/p>\n\n\n\n<p><br>Unser Ziel ist es, den Erben die Sicherheit, das Vertrauen und die Zuverl\u00e4ssigkeit zu gew\u00e4hren, die sie ben\u00f6tigen, um ihre Erbanspr\u00fcche geltend zu machen. Dabei st\u00fctzen wir uns auf ein umfangreiches Netzwerk von Partnern und Mitarbeitern, die auf die Pr\u00fcfung unterschiedlichster Quellen spezialisiert sind.<\/p>\n\n\n\n<div class=\"wp-block-buttons is-content-justification-center is-layout-flex wp-container-core-buttons-is-layout-16018d1d wp-block-buttons-is-layout-flex\">\n<div class=\"wp-block-button is-style-fill\"><a class=\"wp-block-button__link wp-element-button\" href=\"https:\/\/www.add-genealogia.es\/de\/uber-uns\/\">Mehr zu ADD GENEALOG\u00cdA<\/a><\/div>\n<\/div>\n<\/div><\/div>\n\n\n\n<div class=\"wp-block-group is-style-container\"><div class=\"wp-block-group__inner-container is-layout-constrained wp-block-group-is-layout-constrained\">\n<h2 class=\"wp-block-heading\">Aus welchen Gr\u00fcnden sollten Sie ADD GENEALOG\u00cdA vertrauen?<\/h2>\n\n\n\n<p><strong>Wir bieten Ihnen:<\/strong><\/p>\n\n\n\n<ul class=\"wp-block-list\">\n<li>Beratung und Unterst\u00fctzung in jeder Phase der Nachlassabwicklung, bis Sie Ihren rechtm\u00e4\u00dfigen Erbanteil erhalten haben.\u00a0<\/li>\n\n\n\n<li>Erfahrung und Sicherheit durch tausende erfolgreich abgewickelte Erbschaften in \u00fcber 30 Jahren.<\/li>\n\n\n\n<li>Spezialisten, die Kundenn\u00e4he, Berufsethos und Verantwortung in den Dienst der Erben stellen.<\/li>\n\n\n\n<li>Ein internationales Team mehrsprachiger Ermittler, das in der Lage ist, Erben auf allen f\u00fcnf Kontinenten schnell zu identifizieren, ausfindig zu machen und zu kontaktieren.<\/li>\n<\/ul>\n<\/div><\/div>\n\n\n\n<div class=\"wp-block-group is-style-container has-light-background-color has-background\"><div class=\"wp-block-group__inner-container is-layout-constrained wp-block-group-is-layout-constrained\">\n<div class=\"wp-block-columns is-layout-flex wp-container-core-columns-is-layout-9d6595d7 wp-block-columns-is-layout-flex\">\n<div class=\"wp-block-column is-layout-flow wp-block-column-is-layout-flow\">\n<h2 class=\"wp-block-heading has-dark-color has-text-color has-link-color wp-elements-5685529b3801807fb23a60677e3feb18\">H\u00e4ufig gestellte Fragen<\/h2>\n\n\n\n<p class=\"has-dark-color has-text-color has-link-color wp-elements-2b4224acf84b65a251951dbf160834e9\">Sie wurden von einem Erbenermittler von ADD Associ\u00e9s kontaktiert, da Sie ein potenzieller Erbe in einer Erbschaftsangelegenheit sind. Dies wirft f\u00fcr Sie wahrscheinlich zahlreiche rechtliche, verwaltungstechnische und\/oder praktische Fragen auf.<\/p>\n\n\n\n<details class=\"wp-block-details is-layout-flow wp-block-details-is-layout-flow\" open><summary>Worum geht es bei der Ahnenforschung?<\/summary>\n<p>Ahnenforschung ist die Suche nach Dokumenten, die es erm\u00f6glichen, die Geschichte einer Familie zu einem bestimmten Zweck zu erforschen.<\/p>\n<\/details>\n\n\n\n<details class=\"wp-block-details is-layout-flow wp-block-details-is-layout-flow\"><summary>Was ist ein Nachlassverfahren?<\/summary>\n<p>Ein Nachlassverfahren dient dazu, die Erben zu ermitteln und den Inhalt des Nachlasses festzustellen. Dabei werden Schulden beglichen und das Verm\u00f6gen des Verstorbenen \u00fcbertragen. Au\u00dferdem wird gepr\u00fcft, ob ein Testament vorliegt (testamentarische Erbfolge) oder ob kein Testament vorliegt (gesetzliche Erbfolge).<\/p>\n<\/details>\n\n\n\n<details class=\"wp-block-details is-layout-flow wp-block-details-is-layout-flow\"><summary>Warum wollte mich ADD Genealog\u00eda ausfindig machen?<\/summary>\n<p>Wir arbeiten f\u00fcr Notariate, Anwaltskanzleien und andere Nachlassunternehmen (z.B. Banken, Versicherungen, Immobilienverwalter, \u00f6ffentliche Verwaltungen), die uns mit der weltweiten Ermittlung von Erben beauftragen. Wenn wir mit Ihnen Kontakt aufnehmen, stellen wir Ihnen eine Reihe von Fragen, um sicherzustellen, dass unsere Nachforschungen korrekt sind und Sie als m\u00f6glicher Erbe in Frage kommen.\u00a0<\/p>\n<\/details>\n\n\n\n<details class=\"wp-block-details is-layout-flow wp-block-details-is-layout-flow\"><summary>Was passiert mit meinen personenbezogenen Daten?<\/summary>\n<p>Sie werden ausschlie\u00dflich dazu genutzt, Ihre Erbrechte gem\u00e4\u00df der geltenden Gesetzgebung zu \u00fcberpr\u00fcfen.<\/p>\n<\/details>\n\n\n\n<details class=\"wp-block-details is-layout-flow wp-block-details-is-layout-flow\"><summary>Was geschieht, wenn ich Beg\u00fcnstigter bin?<\/summary>\n<p>Wir werden einen Antrag stellen, um sicherzustellen, dass Ihre Erbrechte anerkannt werden, gleichzeitig werden wir Sie beraten und informieren.<\/p>\n<\/details>\n\n\n\n<details class=\"wp-block-details is-layout-flow wp-block-details-is-layout-flow\"><summary>Wann erfahre ich, wie hoch die Erbschaft ist?<\/summary>\n<p>Sobald die notarielle Urkunde beantragt wurde, k\u00f6nnen wir ein Verm\u00f6gensinventars erstellen, aus dem hervorgeht, welche Steuern und Ausgaben je nach Verwandtschaftsgrad und Erbanteil abzuziehen sind.\u00a0<\/p>\n<\/details>\n\n\n\n<details class=\"wp-block-details is-layout-flow wp-block-details-is-layout-flow\"><summary>Muss ich Geld im Voraus bezahlen?<\/summary>\n<p>Nein, wir \u00fcbernehmen alle Kosten bis zur endg\u00fcltigen Abwicklung des Nachlasses.<\/p>\n<\/details>\n\n\n\n<details class=\"wp-block-details is-layout-flow wp-block-details-is-layout-flow\"><summary>Wie bekomme ich mein Geld?<\/summary>\n<p>Der Ihnen zustehende Anteil wird per Bank\u00fcberweisung auf Ihr Konto \u00fcberwiesen.<\/p>\n<\/details>\n<\/div>\n<\/div>\n<\/div><\/div>\n\n\n\n<div class=\"wp-block-group\"><div class=\"wp-block-group__inner-container is-layout-constrained wp-block-group-is-layout-constrained\">\n<div class=\"wp-block-group has-background custom-form container-lg\" >\n    <div class=\"row\">\n        <div class=\"col-12 col-lg-8\">\n            <h2>Haben Sie weitere Fragen?<\/h2>\n            <p>Sollten Sie in den h\u00e4ufig gestellten Fragen keine Antwort auf Ihre Frage finden, k\u00f6nnen Sie uns Ihr Anliegen jederzeit direkt \u00fcber das Formular mitteilen.  <\/p>\n\n            <div class=\"forminator-ui forminator-custom-form forminator-custom-form-641 forminator-design--material  forminator_ajax\" data-forminator-render=\"0\" data-form=\"forminator-module-641\" data-uid=\"69fb8866498bf\"><br\/><\/div><form\r\n\t\t\t\tid=\"forminator-module-641\"\r\n\t\t\t\tclass=\"forminator-ui forminator-custom-form forminator-custom-form-641 forminator-design--material  forminator_ajax\"\r\n\t\t\t\tmethod=\"post\"\r\n\t\t\t\tdata-forminator-render=\"0\"\r\n\t\t\t\tdata-form-id=\"641\"\r\n\t\t\t\t data-color-option=\"default\" data-design=\"material\" data-grid=\"open\" style=\"display: none;\"\r\n\t\t\t\tdata-uid=\"69fb8866498bf\"\r\n\t\t\t><div role=\"alert\" aria-live=\"polite\" class=\"forminator-response-message forminator-error\" aria-hidden=\"true\"><\/div><div class=\"forminator-row\"><div id=\"name-1\" class=\"forminator-field-name forminator-col forminator-col-12 \"><div class=\"forminator-row forminator-no-margin\" data-multiple=\"true\"><div class=\"forminator-col forminator-col-md-6\"><div class=\"forminator-field\"><label for=\"forminator-field-first-name-1_69fb8866498bf\" id=\"forminator-field-first-name-1_69fb8866498bf-label\" class=\"forminator-label\">Vorname <span class=\"forminator-required\">*<\/span><\/label><input type=\"text\" name=\"name-1-first-name\" placeholder=\"Zum Beispiel: Javier\" id=\"forminator-field-first-name-1_69fb8866498bf\" class=\"forminator-input\" aria-required=\"true\" data-multi=\"1\" autocomplete=\"given-name\" value=\"\" \/><\/div><\/div><div class=\"forminator-col forminator-col-md-6\"><div class=\"forminator-field\"><label for=\"forminator-field-last-name-1_69fb8866498bf\" id=\"forminator-field-last-name-1_69fb8866498bf-label\" class=\"forminator-label\">Nachname <span class=\"forminator-required\">*<\/span><\/label><input type=\"text\" name=\"name-1-last-name\" placeholder=\"Zum Beispiel: Garc\u00eda\" id=\"forminator-field-last-name-1_69fb8866498bf\" class=\"forminator-input\" aria-required=\"true\" data-multi=\"1\" autocomplete=\"family-name\" value=\"\" \/><\/div><\/div><\/div><\/div><\/div><div class=\"forminator-row\"><div id=\"text-1\" class=\"forminator-field-text forminator-col forminator-col-12 \"><div class=\"forminator-field\"><label for=\"forminator-field-text-1_69fb8866498bf\" id=\"forminator-field-text-1_69fb8866498bf-label\" class=\"forminator-label\">Aktenzeichen<\/label><input type=\"text\" name=\"text-1\" value=\"\" placeholder=\"Zum Beispiel: 98765\" id=\"forminator-field-text-1_69fb8866498bf\" class=\"forminator-input forminator-name--field\" data-required=\"\" \/><\/div><\/div><\/div><div class=\"forminator-row\"><div id=\"phone-1\" class=\"forminator-field-phone forminator-col forminator-col-6 \"><div class=\"forminator-field\"><label for=\"forminator-field-phone-1_69fb8866498bf\" id=\"forminator-field-phone-1_69fb8866498bf-label\" class=\"forminator-label\">Telefon<\/label><input type=\"text\" name=\"phone-1\" value=\"\" placeholder=\"Zum Beispiel: 06 02 03 05 06\" id=\"forminator-field-phone-1_69fb8866498bf\" class=\"forminator-input forminator-field--phone\" data-required=\"\" aria-required=\"false\" autocomplete=\"off\" \/><\/div><\/div><div id=\"email-1\" class=\"forminator-field-email forminator-col forminator-col-6 \"><div class=\"forminator-field\"><label for=\"forminator-field-email-1_69fb8866498bf\" id=\"forminator-field-email-1_69fb8866498bf-label\" class=\"forminator-label\">E-Mail-Adresse <span class=\"forminator-required\">*<\/span><\/label><input type=\"email\" name=\"email-1\" value=\"\" placeholder=\"Zum Beispiel: javier@garcia.com\" id=\"forminator-field-email-1_69fb8866498bf\" class=\"forminator-input forminator-email--field\" data-required=\"1\" aria-required=\"true\" autocomplete=\"email\" \/><\/div><\/div><\/div><div class=\"forminator-row\"><div id=\"textarea-1\" class=\"forminator-field-textarea forminator-col forminator-col-12 \"><div class=\"forminator-field\"><label for=\"forminator-field-textarea-1_69fb8866498bf\" id=\"forminator-field-textarea-1_69fb8866498bf-label\" class=\"forminator-label\">Nachricht <span class=\"forminator-required\">*<\/span><\/label><textarea name=\"textarea-1\" placeholder=\"Geben Sie hier Ihre Nachricht ein.\" id=\"forminator-field-textarea-1_69fb8866498bf\" class=\"forminator-textarea\" rows=\"6\" style=\"min-height:140px;\" ><\/textarea><\/div><\/div><\/div><div class=\"forminator-row\"><div id=\"checkbox-1\" class=\"forminator-field-checkbox forminator-col forminator-col-12 \"><div role=\"group\" class=\"forminator-field required\" aria-labelledby=\"forminator-checkbox-group-forminator-field-checkbox-1-69fb8866498bf-label\"><label id=\"forminator-field-checkbox-1-1-69fb8866498bf-label\" for=\"forminator-field-checkbox-1-1-69fb8866498bf\" class=\"forminator-checkbox\" title=\"Durch Ankreuzen dieses K\u00e4stchens erkl\u00e4ren Sie sich damit einverstanden, dass ADD Associ\u00e9s Ihre personenbezogenen Daten im Rahmen ihrer Erbenforschungst\u00e4tigkeit gem\u00e4\u00df ihrer Datenschutzrichtlinie erhebt und verarbeitet.\"><input type=\"checkbox\" name=\"checkbox-1[]\" value=\"one\" id=\"forminator-field-checkbox-1-1-69fb8866498bf\" aria-labelledby=\"forminator-field-checkbox-1-1-69fb8866498bf-label\" data-calculation=\"0\"   data-hidden-behavior=\"zero\"\/><span class=\"forminator-checkbox-box\" aria-hidden=\"true\"><\/span><span class=\"forminator-checkbox-label\">Durch Ankreuzen dieses K\u00e4stchens erkl\u00e4ren Sie sich damit einverstanden, dass ADD Associ\u00e9s Ihre personenbezogenen Daten im Rahmen ihrer Erbenforschungst\u00e4tigkeit gem\u00e4\u00df ihrer Datenschutzrichtlinie erhebt und verarbeitet.<\/span><\/label><\/div><\/div><\/div><div class=\"forminator-row\" style=\"margin: 0;\"><div id=\"captcha-1\" class=\"forminator-field-captcha  forminator-col-12 \"><div class=\"forminator-captcha-left forminator-g-recaptcha recaptcha-invisible\" data-theme=\"light\" data-badge=\"bottomright\" data-sitekey=\"6Lfgv2oqAAAAAEOa7N-8ubIp27IgVy9Cwqoer21C\" data-size=\"invisible\"><\/div> <\/div><\/div><input type=\"hidden\" name=\"referer_url\" value=\"\" \/><div class=\"forminator-row forminator-row-last\"><div class=\"forminator-col\"><div class=\"forminator-field\"><button class=\"forminator-button forminator-button-submit\"><span>Senden<\/span><span aria-hidden=\"true\"><\/span><\/button><\/div><\/div><\/div><input type=\"hidden\" id=\"forminator_nonce\" name=\"forminator_nonce\" value=\"b5dd2140a9\" \/><input type=\"hidden\" name=\"_wp_http_referer\" value=\"\/de\/wp-json\/wp\/v2\/pages\/1067\" \/><input type=\"hidden\" name=\"form_id\" value=\"641\"><input type=\"hidden\" name=\"page_id\" value=\"1067\"><input type=\"hidden\" name=\"form_type\" value=\"default\"><input type=\"hidden\" name=\"current_url\" value=\"https:\/\/www.add-genealogia.es\/de\/ich-wurde-von-add-genealogia-kontaktier\/\"><input type=\"hidden\" name=\"render_id\" value=\"0\"><input type=\"hidden\" name=\"action\" value=\"forminator_submit_form_custom-forms\"><\/form>        <\/div>\n    <\/div>\n<\/div>\n<\/div><\/div>\n","protected":false},"excerpt":{"rendered":"<p>Wer ist ADD GENEALOG\u00cdA? Tochtergesellschaft von ADD ASSOCI\u00c9S, einem weltweit f\u00fchrenden Unternehmen im Bereich der genealogischen Forschung.&nbsp; Unser Ziel ist es, den Erben die Sicherheit, das Vertrauen und die Zuverl\u00e4ssigkeit zu gew\u00e4hren, die sie ben\u00f6tigen, um ihre Erbanspr\u00fcche geltend zu machen. Dabei st\u00fctzen wir uns auf ein umfangreiches Netzwerk von Partnern und Mitarbeitern, die auf [&hellip;]<\/p>\n","protected":false},"author":19,"featured_media":0,"parent":0,"menu_order":0,"comment_status":"closed","ping_status":"closed","template":"","meta":{"_acf_changed":true,"footnotes":""},"class_list":["post-1067","page","type-page","status-publish","hentry"],"acf":[],"_links":{"self":[{"href":"https:\/\/www.add-genealogia.es\/de\/wp-json\/wp\/v2\/pages\/1067","targetHints":{"allow":["GET"]}}],"collection":[{"href":"https:\/\/www.add-genealogia.es\/de\/wp-json\/wp\/v2\/pages"}],"about":[{"href":"https:\/\/www.add-genealogia.es\/de\/wp-json\/wp\/v2\/types\/page"}],"author":[{"embeddable":true,"href":"https:\/\/www.add-genealogia.es\/de\/wp-json\/wp\/v2\/users\/19"}],"replies":[{"embeddable":true,"href":"https:\/\/www.add-genealogia.es\/de\/wp-json\/wp\/v2\/comments?post=1067"}],"version-history":[{"count":0,"href":"https:\/\/www.add-genealogia.es\/de\/wp-json\/wp\/v2\/pages\/1067\/revisions"}],"wp:attachment":[{"href":"https:\/\/www.add-genealogia.es\/de\/wp-json\/wp\/v2\/media?parent=1067"}],"curies":[{"name":"wp","href":"https:\/\/api.w.org\/{rel}","templated":true}]}}