{"id":1093,"date":"2024-10-16T16:19:19","date_gmt":"2024-10-16T14:19:19","guid":{"rendered":"https:\/\/www.add-genealogia.es\/?page_id=1093"},"modified":"2025-02-18T15:19:34","modified_gmt":"2025-02-18T14:19:34","slug":"i-have-been-contacted-by-add-genealogia","status":"publish","type":"page","link":"https:\/\/www.add-genealogia.es\/en\/i-have-been-contacted-by-add-genealogia\/","title":{"rendered":"Have you been contacted by ADD GENEALOG\u00cdA?"},"content":{"rendered":"\n<div class=\"wp-block-group is-style-container\"><div class=\"wp-block-group__inner-container is-layout-constrained wp-block-group-is-layout-constrained\">\n<h2 class=\"wp-block-heading\">Who is ADD GENEALOG\u00cdA?<\/h2>\n\n\n\n<p>ADD GENEALOG\u00cdA is a subsidiary of ADD ASSOCI\u00c9S, a worldwide reference in genealogical research. We strive to offer heirs the security, trust and peace of mind necessary to reclaim their inheritance rights by relying on an extensive network of collaborators who are experts in the study of all types of documentary sources.<\/p>\n\n\n\n<div class=\"wp-block-buttons is-content-justification-center is-layout-flex wp-container-core-buttons-is-layout-16018d1d wp-block-buttons-is-layout-flex\">\n<div class=\"wp-block-button is-style-fill\"><a class=\"wp-block-button__link wp-element-button\" href=\"https:\/\/www.add-genealogia.es\/en\/about-us\/\">Discover ADD GENEALOG\u00cdA<\/a><\/div>\n<\/div>\n<\/div><\/div>\n\n\n\n<div class=\"wp-block-group is-style-container\"><div class=\"wp-block-group__inner-container is-layout-constrained wp-block-group-is-layout-constrained\">\n<h2 class=\"wp-block-heading\">Why should I trust ADD GENEALOG\u00cdA?<\/h2>\n\n\n\n<p><strong>We offer you:<\/strong><\/p>\n\n\n\n<ul class=\"wp-block-list\">\n<li>Advice and assistance at every step of the process until you receive the share to which you are legally entitled.<\/li>\n\n\n\n<li>Experience and security provided by thousands of estates settled over more than 30 years.<\/li>\n\n\n\n<li>Ethical and responsible professionals nearby.<\/li>\n\n\n\n<li>An international team of multilingual researchers able to investigate, locate and contact heirs quickly on all five continents.<\/li>\n<\/ul>\n<\/div><\/div>\n\n\n\n<div class=\"wp-block-group is-style-container has-light-background-color has-background\"><div class=\"wp-block-group__inner-container is-layout-constrained wp-block-group-is-layout-constrained\">\n<div class=\"wp-block-columns is-layout-flex wp-container-core-columns-is-layout-9d6595d7 wp-block-columns-is-layout-flex\">\n<div class=\"wp-block-column is-layout-flow wp-block-column-is-layout-flow\">\n<h2 class=\"wp-block-heading has-dark-color has-text-color has-link-color wp-elements-b4a87ff8e0ede3710117a0c47e4e9835\">Frequently Asked Questions<\/h2>\n\n\n\n<p class=\"has-dark-color has-text-color has-link-color wp-elements-3dac313d47f0130e1fd24b2d015d58dc\">You have been contacted by a probate investigator of ADD Associ\u00e9s, because you are a potential heir in a succession. This probably raises many legal, administrative and\/or practical questions for you.<\/p>\n\n\n\n<details class=\"wp-block-details is-layout-flow wp-block-details-is-layout-flow\" open><summary>What is genealogical research?<\/summary>\n<p>It is the search for documentation that allows us to study the history of the family for a specific purpose.<\/p>\n<\/details>\n\n\n\n<details class=\"wp-block-details is-layout-flow wp-block-details-is-layout-flow\"><summary>What does the probate process consist of?<\/summary>\n<p>It is the process by which the heirs are identified and the content of the inheritance is determined, debts are paid and the assets of the deceased are delivered. The existence of a will is also reviewed (testamentary succession) or if there is no will (intestate succession).<\/p>\n<\/details>\n\n\n\n<details class=\"wp-block-details is-layout-flow wp-block-details-is-layout-flow\"><summary>Why was ADD Genealog\u00eda interested in locating me?<\/summary>\n<p>We work for notary offices, lawyers and other probate firms (banks, insurance companies, estate administrators, public administrations) who entrust us with the search for heirs anywhere in the world. When contacting you, we will ask you a series of questions to ensure that our investigations are correct and that you can be considered as a beneficiary.<\/p>\n<\/details>\n\n\n\n<details class=\"wp-block-details is-layout-flow wp-block-details-is-layout-flow\"><summary>What will you do with my personal data?<\/summary>\n<p>They will be used, solely and exclusively, for the study of your inheritance rights in accordance with current legislation.<\/p>\n<\/details>\n\n\n\n<details class=\"wp-block-details is-layout-flow wp-block-details-is-layout-flow\"><summary>What happens if I become a beneficiary?<\/summary>\n<p>We will file a claim to ensure that your inheritance rights are recognized, advising you and keeping you informed at all times.<\/p>\n<\/details>\n\n\n\n<details class=\"wp-block-details is-layout-flow wp-block-details-is-layout-flow\"><summary>When will we know the value of the inheritance?<\/summary>\n<p>After the Certificate of Heirship, we will have access to an Inventory of Assets that will determine the taxes and expenses to be deducted according to the degree of kinship and the corresponding share.<\/p>\n<\/details>\n\n\n\n<details class=\"wp-block-details is-layout-flow wp-block-details-is-layout-flow\"><summary>Do I have to advance money?<\/summary>\n<p>No. We advance all expenses until the final settlement of the inheritance.<\/p>\n<\/details>\n\n\n\n<details class=\"wp-block-details is-layout-flow wp-block-details-is-layout-flow\"><summary>How will I receive my money?<\/summary>\n<p>Your share will be paid by bank transfer.<\/p>\n<\/details>\n<\/div>\n<\/div>\n<\/div><\/div>\n\n\n\n<div class=\"wp-block-group\"><div class=\"wp-block-group__inner-container is-layout-constrained wp-block-group-is-layout-constrained\">\n<div class=\"wp-block-group has-background custom-form container-lg\" >\n    <div class=\"row\">\n        <div class=\"col-12 col-lg-8\">\n            <h2>Any other questions?<\/h2>\n            <p>If you have not found the answer to any of your questions in our FAQ section, feel free to contact us directly by filling out the form below.<\/p>\n\n            <div class=\"forminator-ui forminator-custom-form forminator-custom-form-640 forminator-design--material  forminator_ajax\" data-forminator-render=\"0\" data-form=\"forminator-module-640\" data-uid=\"69fb784fd156d\"><br\/><\/div><form\r\n\t\t\t\tid=\"forminator-module-640\"\r\n\t\t\t\tclass=\"forminator-ui forminator-custom-form forminator-custom-form-640 forminator-design--material  forminator_ajax\"\r\n\t\t\t\tmethod=\"post\"\r\n\t\t\t\tdata-forminator-render=\"0\"\r\n\t\t\t\tdata-form-id=\"640\"\r\n\t\t\t\t data-color-option=\"default\" data-design=\"material\" data-grid=\"open\" style=\"display: none;\"\r\n\t\t\t\tdata-uid=\"69fb784fd156d\"\r\n\t\t\t><div role=\"alert\" aria-live=\"polite\" class=\"forminator-response-message forminator-error\" aria-hidden=\"true\"><\/div><div class=\"forminator-row\"><div id=\"name-1\" class=\"forminator-field-name forminator-col forminator-col-12 \"><div class=\"forminator-row forminator-no-margin\" data-multiple=\"true\"><div class=\"forminator-col forminator-col-md-6\"><div class=\"forminator-field\"><label for=\"forminator-field-first-name-1_69fb784fd156d\" id=\"forminator-field-first-name-1_69fb784fd156d-label\" class=\"forminator-label\">First Name <span class=\"forminator-required\">*<\/span><\/label><input type=\"text\" name=\"name-1-first-name\" placeholder=\"For example: Javier\" id=\"forminator-field-first-name-1_69fb784fd156d\" class=\"forminator-input\" aria-required=\"true\" data-multi=\"1\" autocomplete=\"given-name\" value=\"\" \/><\/div><\/div><div class=\"forminator-col forminator-col-md-6\"><div class=\"forminator-field\"><label for=\"forminator-field-last-name-1_69fb784fd156d\" id=\"forminator-field-last-name-1_69fb784fd156d-label\" class=\"forminator-label\">Last Name <span class=\"forminator-required\">*<\/span><\/label><input type=\"text\" name=\"name-1-last-name\" placeholder=\"For example: Garc\u00eda\" id=\"forminator-field-last-name-1_69fb784fd156d\" class=\"forminator-input\" aria-required=\"true\" data-multi=\"1\" autocomplete=\"family-name\" value=\"\" \/><\/div><\/div><\/div><\/div><\/div><div class=\"forminator-row\"><div id=\"text-1\" class=\"forminator-field-text forminator-col forminator-col-12 \"><div class=\"forminator-field\"><label for=\"forminator-field-text-1_69fb784fd156d\" id=\"forminator-field-text-1_69fb784fd156d-label\" class=\"forminator-label\">Your file number<\/label><input type=\"text\" name=\"text-1\" value=\"\" placeholder=\"For example: 98765\" id=\"forminator-field-text-1_69fb784fd156d\" class=\"forminator-input forminator-name--field\" data-required=\"\" \/><\/div><\/div><\/div><div class=\"forminator-row\"><div id=\"phone-1\" class=\"forminator-field-phone forminator-col forminator-col-6 \"><div class=\"forminator-field\"><label for=\"forminator-field-phone-1_69fb784fd156d\" id=\"forminator-field-phone-1_69fb784fd156d-label\" class=\"forminator-label\">Phone<\/label><input type=\"text\" name=\"phone-1\" value=\"\" placeholder=\"For example: 06 02 03 05 06\" id=\"forminator-field-phone-1_69fb784fd156d\" class=\"forminator-input forminator-field--phone\" data-required=\"\" aria-required=\"false\" autocomplete=\"off\" \/><\/div><\/div><div id=\"email-1\" class=\"forminator-field-email forminator-col forminator-col-6 \"><div class=\"forminator-field\"><label for=\"forminator-field-email-1_69fb784fd156d\" id=\"forminator-field-email-1_69fb784fd156d-label\" class=\"forminator-label\">Email Address <span class=\"forminator-required\">*<\/span><\/label><input type=\"email\" name=\"email-1\" value=\"\" placeholder=\"For example: javier@garcia.com\" id=\"forminator-field-email-1_69fb784fd156d\" class=\"forminator-input forminator-email--field\" data-required=\"1\" aria-required=\"true\" autocomplete=\"email\" \/><\/div><\/div><\/div><div class=\"forminator-row\"><div id=\"textarea-1\" class=\"forminator-field-textarea forminator-col forminator-col-12 \"><div class=\"forminator-field\"><label for=\"forminator-field-textarea-1_69fb784fd156d\" id=\"forminator-field-textarea-1_69fb784fd156d-label\" class=\"forminator-label\">Message <span class=\"forminator-required\">*<\/span><\/label><textarea name=\"textarea-1\" placeholder=\"Please insert your message here.\" id=\"forminator-field-textarea-1_69fb784fd156d\" class=\"forminator-textarea\" rows=\"6\" style=\"min-height:140px;\" ><\/textarea><\/div><\/div><\/div><div class=\"forminator-row\"><div id=\"checkbox-1\" class=\"forminator-field-checkbox forminator-col forminator-col-12 \"><div role=\"group\" class=\"forminator-field required\" aria-labelledby=\"forminator-checkbox-group-forminator-field-checkbox-1-69fb784fd156d-label\"><label id=\"forminator-field-checkbox-1-1-69fb784fd156d-label\" for=\"forminator-field-checkbox-1-1-69fb784fd156d\" class=\"forminator-checkbox\" title=\"By checking this box, you agree that ADD Associ\u00e9s collects and processes your personal data as part of its heir search activities, in accordance with its privacy policy.\"><input type=\"checkbox\" name=\"checkbox-1[]\" value=\"one\" id=\"forminator-field-checkbox-1-1-69fb784fd156d\" aria-labelledby=\"forminator-field-checkbox-1-1-69fb784fd156d-label\" data-calculation=\"0\"   data-hidden-behavior=\"zero\"\/><span class=\"forminator-checkbox-box\" aria-hidden=\"true\"><\/span><span class=\"forminator-checkbox-label\">By checking this box, you agree that ADD Associ\u00e9s collects and processes your personal data as part of its heir search activities, in accordance with its privacy policy.<\/span><\/label><\/div><\/div><\/div><div class=\"forminator-row\" style=\"margin: 0;\"><div id=\"captcha-1\" class=\"forminator-field-captcha  forminator-col-12 \"><div class=\"forminator-captcha-left forminator-g-recaptcha recaptcha-invisible\" data-theme=\"light\" data-badge=\"bottomright\" data-sitekey=\"6Lfgv2oqAAAAAEOa7N-8ubIp27IgVy9Cwqoer21C\" data-size=\"invisible\"><\/div> <\/div><\/div><input type=\"hidden\" name=\"referer_url\" value=\"\" \/><div class=\"forminator-row forminator-row-last\"><div class=\"forminator-col\"><div class=\"forminator-field\"><button class=\"forminator-button forminator-button-submit\"><span>Send<\/span><span aria-hidden=\"true\"><\/span><\/button><\/div><\/div><\/div><input type=\"hidden\" id=\"forminator_nonce\" name=\"forminator_nonce\" value=\"123a7c97e9\" \/><input type=\"hidden\" name=\"_wp_http_referer\" value=\"\/en\/wp-json\/wp\/v2\/pages\/1093\" \/><input type=\"hidden\" name=\"form_id\" value=\"640\"><input type=\"hidden\" name=\"page_id\" value=\"1093\"><input type=\"hidden\" name=\"form_type\" value=\"default\"><input type=\"hidden\" name=\"current_url\" value=\"https:\/\/www.add-genealogia.es\/en\/i-have-been-contacted-by-add-genealogia\/\"><input type=\"hidden\" name=\"render_id\" value=\"0\"><input type=\"hidden\" name=\"action\" value=\"forminator_submit_form_custom-forms\"><\/form>        <\/div>\n    <\/div>\n<\/div>\n<\/div><\/div>\n\n\n\n<p><\/p>\n","protected":false},"excerpt":{"rendered":"<p>Who is ADD GENEALOG\u00cdA? ADD GENEALOG\u00cdA is a subsidiary of ADD ASSOCI\u00c9S, a worldwide reference in genealogical research. We strive to offer heirs the security, trust and peace of mind necessary to reclaim their inheritance rights by relying on an extensive network of collaborators who are experts in the study of all types of documentary [&hellip;]<\/p>\n","protected":false},"author":19,"featured_media":0,"parent":0,"menu_order":0,"comment_status":"closed","ping_status":"closed","template":"","meta":{"_acf_changed":true,"footnotes":""},"class_list":["post-1093","page","type-page","status-publish","hentry"],"acf":[],"_links":{"self":[{"href":"https:\/\/www.add-genealogia.es\/en\/wp-json\/wp\/v2\/pages\/1093","targetHints":{"allow":["GET"]}}],"collection":[{"href":"https:\/\/www.add-genealogia.es\/en\/wp-json\/wp\/v2\/pages"}],"about":[{"href":"https:\/\/www.add-genealogia.es\/en\/wp-json\/wp\/v2\/types\/page"}],"author":[{"embeddable":true,"href":"https:\/\/www.add-genealogia.es\/en\/wp-json\/wp\/v2\/users\/19"}],"replies":[{"embeddable":true,"href":"https:\/\/www.add-genealogia.es\/en\/wp-json\/wp\/v2\/comments?post=1093"}],"version-history":[{"count":0,"href":"https:\/\/www.add-genealogia.es\/en\/wp-json\/wp\/v2\/pages\/1093\/revisions"}],"wp:attachment":[{"href":"https:\/\/www.add-genealogia.es\/en\/wp-json\/wp\/v2\/media?parent=1093"}],"curies":[{"name":"wp","href":"https:\/\/api.w.org\/{rel}","templated":true}]}}