{"id":831,"date":"2024-10-16T16:19:19","date_gmt":"2024-10-16T14:19:19","guid":{"rendered":"https:\/\/www.add-genealogia.es\/he-sido-contactado-por-add-genealogia\/"},"modified":"2025-02-13T12:12:51","modified_gmt":"2025-02-13T11:12:51","slug":"foi-contactado-pela-add-genealogia","status":"publish","type":"page","link":"https:\/\/www.add-genealogia.es\/pt-pt\/foi-contactado-pela-add-genealogia\/","title":{"rendered":"Foi contactado\/a pela ADD GENEALOGIA?"},"content":{"rendered":"\n<div class=\"wp-block-group is-style-container\"><div class=\"wp-block-group__inner-container is-layout-constrained wp-block-group-is-layout-constrained\">\n<h2 class=\"wp-block-heading\">Quem \u00e9 a ADD GENEALOGIA?<\/h2>\n\n\n\n<p>A ADD GENALOGIA \u00e9 uma filial da ADD ASSOCI\u00c9S, um referente na \u00e1rea da investiga\u00e7\u00e3o geneal\u00f3gica a n\u00edvel mundial. O nosso prop\u00f3sito \u00e9 oferecer aos herdeiros a seguran\u00e7a, a confian\u00e7a e a tranquilidade necess\u00e1rias para a recupera\u00e7\u00e3o dos seus direitos sucess\u00f3rios, com base numa extensa rede de colaboradores especializados no estudo de todo o tipo de fontes documentais.<\/p>\n\n\n\n<div class=\"wp-block-buttons is-content-justification-center is-layout-flex wp-container-core-buttons-is-layout-16018d1d wp-block-buttons-is-layout-flex\">\n<div class=\"wp-block-button is-style-fill\"><a class=\"wp-block-button__link wp-element-button\" href=\"https:\/\/www.add-genealogia.es\/pt-pt\/acerca-da-add\/\">Descubra ADD GENEALOGIA<\/a><\/div>\n<\/div>\n<\/div><\/div>\n\n\n\n<div class=\"wp-block-group is-style-container\"><div class=\"wp-block-group__inner-container is-layout-constrained wp-block-group-is-layout-constrained\">\n<h2 class=\"wp-block-heading\">Quais s\u00e3o os motivos pelos quais devo confiar na ADD GENEALOGIA?<\/h2>\n\n\n\n<p><strong><strong>Oferecemos-lhe<\/strong><\/strong>:<\/p>\n\n\n\n<ul class=\"wp-block-list\">\n<li>Assessoramento e ajuda em cada passo do processo, at\u00e9 que receba a quota que legalmente lhe corresponda.&nbsp;<\/li>\n\n\n\n<li>Experi\u00eancia e seguran\u00e7a corroboradas pelos milhares de procedimentos sucess\u00f3rios resolvidos em 30 anos de atividade.<\/li>\n\n\n\n<li>Profissionais que localizam os herdeiros e oferecem um servi\u00e7o baseado na proximidade, \u00e9tica e responsabilidade.&nbsp;<\/li>\n\n\n\n<li>Uma equipa internacional de investigadores poliglotas, capaz de investigar, localizar e contactar rapidamente herdeiros nos cinco continentes.<\/li>\n<\/ul>\n<\/div><\/div>\n\n\n\n<div class=\"wp-block-group is-style-container has-light-background-color has-background\"><div class=\"wp-block-group__inner-container is-layout-constrained wp-block-group-is-layout-constrained\">\n<div class=\"wp-block-columns is-layout-flex wp-container-core-columns-is-layout-9d6595d7 wp-block-columns-is-layout-flex\">\n<div class=\"wp-block-column is-layout-flow wp-block-column-is-layout-flow\">\n<h2 class=\"wp-block-heading has-dark-color has-text-color has-link-color wp-elements-9a729bcf985e26aa49a6f06a1039332e\">Perguntas frequentes<\/h2>\n\n\n\n<p class=\"has-dark-color has-text-color has-link-color wp-elements-136834f9c9ea113cdeee42e70536810b\">Foi contactado\/a por um investigador sucess\u00f3rio da ADD Associ\u00e9s por ser um potencial herdeiro \/ benefici\u00e1rio num procedimento sucess\u00f3rio. Provavelmente esta informa\u00e7\u00e3o gerar\u00e1 em si muitas perguntas de car\u00e1cter jur\u00eddico, administrativo e\/ou pr\u00e1tico.<\/p>\n\n\n\n<details class=\"wp-block-details is-layout-flow wp-block-details-is-layout-flow\" open><summary>Em que consiste a investiga\u00e7\u00e3o geneal\u00f3gica?<\/summary>\n<p>Na procura de documenta\u00e7\u00e3o que nos permita estudar a hist\u00f3ria da sua fam\u00edlia, com uma finalidade espec\u00edfica.<\/p>\n<\/details>\n\n\n\n<details class=\"wp-block-details is-layout-flow wp-block-details-is-layout-flow\"><summary>Em que consiste um procedimento sucess\u00f3rio?<\/summary>\n<p>Na identifica\u00e7\u00e3o dos herdeiros e determina\u00e7\u00e3o do conte\u00fado de uma heran\u00e7a, liquida\u00e7\u00e3o das d\u00edvidas e entrega dos bens restantes da pessoa falecida aos seus benefici\u00e1rios. Tamb\u00e9m se leva a cabo a comprova\u00e7\u00e3o da exist\u00eancia de um testamento (sucess\u00e3o testament\u00e1ria) ou da aus\u00eancia de testamento (heran\u00e7a <em>ab intestato<\/em>).<\/p>\n<\/details>\n\n\n\n<details class=\"wp-block-details is-layout-flow wp-block-details-is-layout-flow\"><summary>Porque \u00e9 que a ADD Genealogia me quis localizar?<\/summary>\n<p>Trabalhamos com cart\u00f3rios de not\u00e1rios, advogados e outras empresas vinculadas \u00e0s sucess\u00f5es (bancos, companhias de seguros, administradores de propriedades, administra\u00e7\u00f5es p\u00fablicas), que nos confiam a localiza\u00e7\u00e3o de herdeiros em qualquer lugar do mundo. Ao contactar consigo colocar-lhe-emos uma s\u00e9rie de perguntas, para confirmar que as nossas investiga\u00e7\u00f5es s\u00e3o corretas e que ode ser considerado\/a como benefici\u00e1rio\/a.<\/p>\n<\/details>\n\n\n\n<details class=\"wp-block-details is-layout-flow wp-block-details-is-layout-flow\"><summary>O que far\u00e3o com os meus dados pessoais?<\/summary>\n<p>Os seus dados pessoais utilizar-se-\u00e3o \u00fanica e exclusivamente para o estudo dos seus direitos heredit\u00e1rios, em conformidade com a legisla\u00e7\u00e3o vigente.<\/p>\n<\/details>\n\n\n\n<details class=\"wp-block-details is-layout-flow wp-block-details-is-layout-flow\"><summary>O que acontece se sou benefici\u00e1rio\/a?<\/summary>\n<p>Apresentaremos uma reclama\u00e7\u00e3o solicitando o reconhecimento dos seus direitos heredit\u00e1rios, e proporcionar-lhe-emos assessoramento e informa\u00e7\u00e3o em todo o momento.<\/p>\n<\/details>\n\n\n\n<details class=\"wp-block-details is-layout-flow wp-block-details-is-layout-flow\"><summary>Quando conheceremos o valor da heran\u00e7a?<\/summary>\n<p>Uma vez realizada a habilita\u00e7\u00e3o de herdeiros, disporemos de um invent\u00e1rio de bens que determinar\u00e1 os impostos e as despesas a deduzir, em fun\u00e7\u00e3o do grau de parentesco e da quota-parte que lhe corresponda.<\/p>\n<\/details>\n\n\n\n<details class=\"wp-block-details is-layout-flow wp-block-details-is-layout-flow\"><summary>Devo adiantar alguma quantia?<\/summary>\n<p>N\u00e3o. N\u00f3s adiantamos todas as despesas at\u00e9 \u00e0 liquida\u00e7\u00e3o definitiva da heran\u00e7a.&nbsp;<\/p>\n<\/details>\n\n\n\n<details class=\"wp-block-details is-layout-flow wp-block-details-is-layout-flow\"><summary>Como receberei o meu dinheiro?<\/summary>\n<p>A quota-parte que lhe corresponda ser\u00e1 depositada mediante transfer\u00eancia banc\u00e1ria.<\/p>\n<\/details>\n<\/div>\n<\/div>\n<\/div><\/div>\n\n\n\n<div class=\"wp-block-group\"><div class=\"wp-block-group__inner-container is-layout-constrained wp-block-group-is-layout-constrained\">\n<div class=\"wp-block-group has-background custom-form container-lg\" >\n    <div class=\"row\">\n        <div class=\"col-12 col-lg-8\">\n            <h2>Alguma pergunta mais<\/h2>\n            <p>Se n\u00e3o encontrou a resposta a alguma das suas perguntas na nossa sec\u00e7\u00e3o de perguntas frequentes, n\u00e3o hesite em fazer-nos chegar as suas d\u00favidas diretamente, preenchendo o nosso formul\u00e1rio.<\/p>\n\n            <div class=\"forminator-ui forminator-custom-form forminator-custom-form-638 forminator-design--material  forminator_ajax\" data-forminator-render=\"0\" data-form=\"forminator-module-638\" data-uid=\"69fb88424776b\"><br\/><\/div><form\r\n\t\t\t\tid=\"forminator-module-638\"\r\n\t\t\t\tclass=\"forminator-ui forminator-custom-form forminator-custom-form-638 forminator-design--material  forminator_ajax\"\r\n\t\t\t\tmethod=\"post\"\r\n\t\t\t\tdata-forminator-render=\"0\"\r\n\t\t\t\tdata-form-id=\"638\"\r\n\t\t\t\t data-color-option=\"default\" data-design=\"material\" data-grid=\"open\" style=\"display: none;\"\r\n\t\t\t\tdata-uid=\"69fb88424776b\"\r\n\t\t\t><div role=\"alert\" aria-live=\"polite\" class=\"forminator-response-message forminator-error\" aria-hidden=\"true\"><\/div><div class=\"forminator-row\"><div id=\"name-1\" class=\"forminator-field-name forminator-col forminator-col-12 \"><div class=\"forminator-row forminator-no-margin\" data-multiple=\"true\"><div class=\"forminator-col forminator-col-md-6\"><div class=\"forminator-field\"><label for=\"forminator-field-first-name-1_69fb88424776b\" id=\"forminator-field-first-name-1_69fb88424776b-label\" class=\"forminator-label\">Nome <span class=\"forminator-required\">*<\/span><\/label><input type=\"text\" name=\"name-1-first-name\" placeholder=\"Por exemplo: Javier\" id=\"forminator-field-first-name-1_69fb88424776b\" class=\"forminator-input\" aria-required=\"true\" data-multi=\"1\" autocomplete=\"given-name\" value=\"\" \/><\/div><\/div><div class=\"forminator-col forminator-col-md-6\"><div class=\"forminator-field\"><label for=\"forminator-field-last-name-1_69fb88424776b\" id=\"forminator-field-last-name-1_69fb88424776b-label\" class=\"forminator-label\">Apelido <span class=\"forminator-required\">*<\/span><\/label><input type=\"text\" name=\"name-1-last-name\" placeholder=\"Por exemplo: Garc\u00eda\" id=\"forminator-field-last-name-1_69fb88424776b\" class=\"forminator-input\" aria-required=\"true\" data-multi=\"1\" autocomplete=\"family-name\" value=\"\" \/><\/div><\/div><\/div><\/div><\/div><div class=\"forminator-row\"><div id=\"text-1\" class=\"forminator-field-text forminator-col forminator-col-12 \"><div class=\"forminator-field\"><label for=\"forminator-field-text-1_69fb88424776b\" id=\"forminator-field-text-1_69fb88424776b-label\" class=\"forminator-label\">N\u00famero do arquivo<\/label><input type=\"text\" name=\"text-1\" value=\"\" placeholder=\"Por exemplo: 98765\" id=\"forminator-field-text-1_69fb88424776b\" class=\"forminator-input forminator-name--field\" data-required=\"\" \/><\/div><\/div><\/div><div class=\"forminator-row\"><div id=\"phone-1\" class=\"forminator-field-phone forminator-col forminator-col-6 \"><div class=\"forminator-field\"><label for=\"forminator-field-phone-1_69fb88424776b\" id=\"forminator-field-phone-1_69fb88424776b-label\" class=\"forminator-label\">Telefone<\/label><input type=\"text\" name=\"phone-1\" value=\"\" placeholder=\"Por exemplo: 06 02 03 05 06\" id=\"forminator-field-phone-1_69fb88424776b\" class=\"forminator-input forminator-field--phone\" data-required=\"\" aria-required=\"false\" autocomplete=\"off\" \/><\/div><\/div><div id=\"email-1\" class=\"forminator-field-email forminator-col forminator-col-6 \"><div class=\"forminator-field\"><label for=\"forminator-field-email-1_69fb88424776b\" id=\"forminator-field-email-1_69fb88424776b-label\" class=\"forminator-label\">Email <span class=\"forminator-required\">*<\/span><\/label><input type=\"email\" name=\"email-1\" value=\"\" placeholder=\"Por exemplo: javier@garcia.com\" id=\"forminator-field-email-1_69fb88424776b\" class=\"forminator-input forminator-email--field\" data-required=\"1\" aria-required=\"true\" autocomplete=\"email\" \/><\/div><\/div><\/div><div class=\"forminator-row\"><div id=\"textarea-1\" class=\"forminator-field-textarea forminator-col forminator-col-12 \"><div class=\"forminator-field\"><label for=\"forminator-field-textarea-1_69fb88424776b\" id=\"forminator-field-textarea-1_69fb88424776b-label\" class=\"forminator-label\">Mensagem <span class=\"forminator-required\">*<\/span><\/label><textarea name=\"textarea-1\" placeholder=\"Insira aqui a sua mensagem.\" id=\"forminator-field-textarea-1_69fb88424776b\" class=\"forminator-textarea\" rows=\"6\" style=\"min-height:140px;\" ><\/textarea><\/div><\/div><\/div><div class=\"forminator-row\"><div id=\"checkbox-1\" class=\"forminator-field-checkbox forminator-col forminator-col-12 \"><div role=\"group\" class=\"forminator-field required\" aria-labelledby=\"forminator-checkbox-group-forminator-field-checkbox-1-69fb88424776b-label\"><label id=\"forminator-field-checkbox-1-1-69fb88424776b-label\" for=\"forminator-field-checkbox-1-1-69fb88424776b\" class=\"forminator-checkbox\" title=\"Ao assinalar esta caixa, aceita que a ADD Associ\u00e9s recolha e trate os seus dados pessoais no \u00e2mbito da sua atividade de pesquisa de herdeiros, de acordo com a sua pol\u00edtica de confidencialidade.\"><input type=\"checkbox\" name=\"checkbox-1[]\" value=\"one\" id=\"forminator-field-checkbox-1-1-69fb88424776b\" aria-labelledby=\"forminator-field-checkbox-1-1-69fb88424776b-label\" data-calculation=\"0\"   data-hidden-behavior=\"zero\"\/><span class=\"forminator-checkbox-box\" aria-hidden=\"true\"><\/span><span class=\"forminator-checkbox-label\">Ao assinalar esta caixa, aceita que a ADD Associ\u00e9s recolha e trate os seus dados pessoais no \u00e2mbito da sua atividade de pesquisa de herdeiros, de acordo com a sua pol\u00edtica de confidencialidade.<\/span><\/label><\/div><\/div><\/div><div class=\"forminator-row\" style=\"margin: 0;\"><div id=\"captcha-1\" class=\"forminator-field-captcha  forminator-col-12 \"><div class=\"forminator-captcha-left forminator-g-recaptcha recaptcha-invisible\" data-theme=\"light\" data-badge=\"bottomright\" data-sitekey=\"6Lfgv2oqAAAAAEOa7N-8ubIp27IgVy9Cwqoer21C\" data-size=\"invisible\"><\/div> <\/div><\/div><input type=\"hidden\" name=\"referer_url\" value=\"\" \/><div class=\"forminator-row forminator-row-last\"><div class=\"forminator-col\"><div class=\"forminator-field\"><button class=\"forminator-button forminator-button-submit\"><span>Enviar<\/span><span aria-hidden=\"true\"><\/span><\/button><\/div><\/div><\/div><input type=\"hidden\" id=\"forminator_nonce\" name=\"forminator_nonce\" value=\"c3e7aa52b0\" \/><input type=\"hidden\" name=\"_wp_http_referer\" value=\"\/pt-pt\/wp-json\/wp\/v2\/pages\/831\" \/><input type=\"hidden\" name=\"form_id\" value=\"638\"><input type=\"hidden\" name=\"page_id\" value=\"831\"><input type=\"hidden\" name=\"form_type\" value=\"default\"><input type=\"hidden\" name=\"current_url\" value=\"https:\/\/www.add-genealogia.es\/pt-pt\/foi-contactado-pela-add-genealogia\/\"><input type=\"hidden\" name=\"render_id\" value=\"0\"><input type=\"hidden\" name=\"action\" value=\"forminator_submit_form_custom-forms\"><\/form>        <\/div>\n    <\/div>\n<\/div>\n<\/div><\/div>\n","protected":false},"excerpt":{"rendered":"<p>Quem \u00e9 a ADD GENEALOGIA? A ADD GENALOGIA \u00e9 uma filial da ADD ASSOCI\u00c9S, um referente na \u00e1rea da investiga\u00e7\u00e3o geneal\u00f3gica a n\u00edvel mundial. O nosso prop\u00f3sito \u00e9 oferecer aos herdeiros a seguran\u00e7a, a confian\u00e7a e a tranquilidade necess\u00e1rias para a recupera\u00e7\u00e3o dos seus direitos sucess\u00f3rios, com base numa extensa rede de colaboradores especializados no [&hellip;]<\/p>\n","protected":false},"author":19,"featured_media":0,"parent":0,"menu_order":0,"comment_status":"closed","ping_status":"closed","template":"","meta":{"_acf_changed":false,"footnotes":""},"class_list":["post-831","page","type-page","status-publish","hentry"],"acf":[],"_links":{"self":[{"href":"https:\/\/www.add-genealogia.es\/pt-pt\/wp-json\/wp\/v2\/pages\/831","targetHints":{"allow":["GET"]}}],"collection":[{"href":"https:\/\/www.add-genealogia.es\/pt-pt\/wp-json\/wp\/v2\/pages"}],"about":[{"href":"https:\/\/www.add-genealogia.es\/pt-pt\/wp-json\/wp\/v2\/types\/page"}],"author":[{"embeddable":true,"href":"https:\/\/www.add-genealogia.es\/pt-pt\/wp-json\/wp\/v2\/users\/19"}],"replies":[{"embeddable":true,"href":"https:\/\/www.add-genealogia.es\/pt-pt\/wp-json\/wp\/v2\/comments?post=831"}],"version-history":[{"count":0,"href":"https:\/\/www.add-genealogia.es\/pt-pt\/wp-json\/wp\/v2\/pages\/831\/revisions"}],"wp:attachment":[{"href":"https:\/\/www.add-genealogia.es\/pt-pt\/wp-json\/wp\/v2\/media?parent=831"}],"curies":[{"name":"wp","href":"https:\/\/api.w.org\/{rel}","templated":true}]}}