{"id":850,"date":"2024-10-16T14:32:11","date_gmt":"2024-10-16T12:32:11","guid":{"rendered":"https:\/\/www.add-genealogia.es\/aviso-legal\/"},"modified":"2025-02-11T15:09:13","modified_gmt":"2025-02-11T14:09:13","slug":"aviso-legal","status":"publish","type":"page","link":"https:\/\/www.add-genealogia.es\/pt-pt\/aviso-legal\/","title":{"rendered":"Advert\u00eancia legal"},"content":{"rendered":"\n<div class=\"wp-block-group is-style-container\"><div class=\"wp-block-group__inner-container is-layout-constrained wp-block-group-is-layout-constrained\">\n<h2 class=\"wp-block-heading\">Informa\u00e7\u00e3o do editor&nbsp;<\/h2>\n\n\n\n<p><strong>Nome da empresa<\/strong>: ADD GENEALOGIA&nbsp;<\/p>\n\n\n\n<p><strong>Sede<\/strong>: Calle Vel\u00e1zquez 34, 28001 Madrid, Espanha&nbsp;<\/p>\n\n\n\n<p><strong>Telefone<\/strong>:\u202f<a href=\"tel:+34%20919%2049%2069%2036\">+34 919 49 69 36<\/a><\/p>\n\n\n\n<p><strong>Fax<\/strong>:\u202f<a href=\"tel:+34%20919%2049%2069%2036\">+34 919 49 69 36<\/a><\/p>\n\n\n\n<p><strong>E-mail<\/strong>: info@add-genealogia.es&nbsp;<\/p>\n\n\n\n<p><strong>N\u00famero de Identifica\u00e7\u00e3o Fiscal<\/strong>: B19871920&nbsp;<\/p>\n\n\n\n<p><strong>Capital social<\/strong>: S.L. Com um capital de 3000 \u20ac<\/p>\n\n\n\n<h2 class=\"wp-block-heading\">Informa\u00e7\u00e3o do criador da Web<\/h2>\n\n\n\n<p><strong>Nome da empresa<\/strong>:&nbsp;<a href=\"https:\/\/www.vigicorp.fr\/\" target=\"_blank\" rel=\"noreferrer noopener\">Vigicorp<\/a><\/p>\n\n\n\n<p><strong>Sede<\/strong>: 49 quai \u00c9mile Cormerais, B\u00e2timent C. 44 800 Saint-Herblain.&nbsp;<\/p>\n\n\n\n<p><strong>Telefone<\/strong>: 02 28 03 55 51&nbsp;<\/p>\n\n\n\n<h2 class=\"wp-block-heading\">Informa\u00e7\u00e3o sobre alojamento<\/h2>\n\n\n\n<p>OVH<\/p>\n\n\n\n<h2 class=\"wp-block-heading\">RGPD Inform\u00e1tica e Liberdades<\/h2>\n\n\n\n<p>Informamos-lhe de que os seus dados de car\u00e1cter pessoal (registo de estado civil, listas nominativas de censos populacionais, cadernos eleitorais, censos militares, necrologias, etc.) s\u00e3o o objeto de um tratamento automatizado pelo Gabinete de Genealogia ADD GENEALOGIA, para fins de localiza\u00e7\u00e3o de herdeiros.\u202f\u00a0<\/p>\n\n\n\n<p>Os dados recolhidos s\u00e3o reservados para uso estritamente interno do Gabinete de Genealogia.\u202f\u00a0<\/p>\n\n\n\n<p>A pessoa interessada pode exercer o seu direito de acesso e de retifica\u00e7\u00e3o dos seus dados, assim como o seu direito de oposi\u00e7\u00e3o ao tratamento dos mesmos, por motivos leg\u00edtimos.\u202f\u00a0<\/p>\n\n\n\n<p>Para exercer os seus direitos, dirija-se por correio a:\u202f&nbsp;<\/p>\n\n\n\n<p>ADD Geneologia \u2013 Calle Vel\u00e1zquez 34, 28001 Madrid, Espanha&nbsp;<\/p>\n<\/div><\/div>\n","protected":false},"excerpt":{"rendered":"<p>Informa\u00e7\u00e3o do editor&nbsp; Nome da empresa: ADD GENEALOGIA&nbsp; Sede: Calle Vel\u00e1zquez 34, 28001 Madrid, Espanha&nbsp; Telefone:\u202f+34 919 49 69 36 Fax:\u202f+34 919 49 69 36 E-mail: info@add-genealogia.es&nbsp; N\u00famero de Identifica\u00e7\u00e3o Fiscal: B19871920&nbsp; Capital social: S.L. Com um capital de 3000 \u20ac Informa\u00e7\u00e3o do criador da Web Nome da empresa:&nbsp;Vigicorp Sede: 49 quai \u00c9mile Cormerais, B\u00e2timent [&hellip;]<\/p>\n","protected":false},"author":19,"featured_media":0,"parent":0,"menu_order":0,"comment_status":"closed","ping_status":"closed","template":"","meta":{"_acf_changed":false,"footnotes":""},"class_list":["post-850","page","type-page","status-publish","hentry"],"acf":[],"_links":{"self":[{"href":"https:\/\/www.add-genealogia.es\/pt-pt\/wp-json\/wp\/v2\/pages\/850","targetHints":{"allow":["GET"]}}],"collection":[{"href":"https:\/\/www.add-genealogia.es\/pt-pt\/wp-json\/wp\/v2\/pages"}],"about":[{"href":"https:\/\/www.add-genealogia.es\/pt-pt\/wp-json\/wp\/v2\/types\/page"}],"author":[{"embeddable":true,"href":"https:\/\/www.add-genealogia.es\/pt-pt\/wp-json\/wp\/v2\/users\/19"}],"replies":[{"embeddable":true,"href":"https:\/\/www.add-genealogia.es\/pt-pt\/wp-json\/wp\/v2\/comments?post=850"}],"version-history":[{"count":0,"href":"https:\/\/www.add-genealogia.es\/pt-pt\/wp-json\/wp\/v2\/pages\/850\/revisions"}],"wp:attachment":[{"href":"https:\/\/www.add-genealogia.es\/pt-pt\/wp-json\/wp\/v2\/media?parent=850"}],"curies":[{"name":"wp","href":"https:\/\/api.w.org\/{rel}","templated":true}]}}