{"id":859,"date":"2024-10-16T14:31:10","date_gmt":"2024-10-16T12:31:10","guid":{"rendered":"https:\/\/www.add-genealogia.es\/politica-de-confidencialidad\/"},"modified":"2025-02-11T15:09:18","modified_gmt":"2025-02-11T14:09:18","slug":"politica-de-confidencialidad","status":"publish","type":"page","link":"https:\/\/www.add-genealogia.es\/pt-pt\/politica-de-confidencialidad\/","title":{"rendered":"Pol\u00edtica de confidencialidade"},"content":{"rendered":"\n<div class=\"wp-block-group is-style-container\"><div class=\"wp-block-group__inner-container is-layout-constrained wp-block-group-is-layout-constrained\">\n<p>O Regulamento (UE) 2016\/679 do Parlamento Europeu e do Conselho de 27 de abril de 2016, sobre a prote\u00e7\u00e3o das pessoas f\u00edsicas no referente ao tratamento dos dados de car\u00e1cter pessoal e \u00e0 livre circula\u00e7\u00e3o dos mesmos, tamb\u00e9m conhecido como Regulamento Geral sobre a Prote\u00e7\u00e3o de Dados (doravante, o RGPD) define o marco jur\u00eddico aplic\u00e1vel ao tratamento dos dados de car\u00e1cter pessoal.\u202f&nbsp;<\/p>\n\n\n\n<p>O RGPD refor\u00e7a os direitos e as obriga\u00e7\u00f5es dos respons\u00e1veis pelo tratamento, subcontratantes, pessoas envolvidas e destinat\u00e1rios dos dados.\u202f&nbsp;<\/p>\n\n\n\n<p>No marco das suas atividades, a ADD &amp; Associ\u00e9s pode ver-se na necessidade de proceder ao tratamento dos dados pessoais dos seus clientes atuais e futuros.\u202f&nbsp;<\/p>\n\n\n\n<p>Para uma melhor compreens\u00e3o desta pol\u00edtica, especifica-se que:\u00a0<\/p>\n\n\n\n<ul class=\"wp-block-list\">\n<li>O \u00abrespons\u00e1vel pelo tratamento\u00bb \u00e9 a ADD &amp; Associ\u00e9s;\u202f\u00a0<\/li>\n\n\n\n<li>O \u00absubcontratante\u00bb refere-se a qualquer pessoa f\u00edsica ou jur\u00eddica que proceda ao tratamento de dados de car\u00e1cter pessoal em nome da ADD &amp; Associ\u00e9s;\u202f\u00a0<\/li>\n\n\n\n<li>As \u00abpersonas envolvidas\u00bb s\u00e3o os benefici\u00e1rios e\/ou futuros benefici\u00e1rios localizados pela ADD &amp; Associ\u00e9s;\u202f\u00a0<\/li>\n\n\n\n<li>Os \u00abdestinat\u00e1rios\u00bb s\u00e3o as pessoas f\u00edsicas ou jur\u00eddicas que recebem dados de car\u00e1cter pessoal por parte da ADD &amp; Associ\u00e9s; os destinat\u00e1rios de dados podem ser empregados da ADD &amp; Associ\u00e9s, assim como organiza\u00e7\u00f5es externas (partners, bancos, provedores de servi\u00e7os inform\u00e1ticos, etc.)\u202f\u00a0<\/li>\n<\/ul>\n\n\n\n<p>O artigo 12 do RGPD exige que as pessoas interessadas sejam informadas sobre os seus direitos de forma concisa, transparente, compreens\u00edvel e de f\u00e1cil acesso.<\/p>\n<\/div><\/div>\n","protected":false},"excerpt":{"rendered":"<p>O Regulamento (UE) 2016\/679 do Parlamento Europeu e do Conselho de 27 de abril de 2016, sobre a prote\u00e7\u00e3o das pessoas f\u00edsicas no referente ao tratamento dos dados de car\u00e1cter pessoal e \u00e0 livre circula\u00e7\u00e3o dos mesmos, tamb\u00e9m conhecido como Regulamento Geral sobre a Prote\u00e7\u00e3o de Dados (doravante, o RGPD) define o marco jur\u00eddico aplic\u00e1vel [&hellip;]<\/p>\n","protected":false},"author":19,"featured_media":0,"parent":0,"menu_order":0,"comment_status":"closed","ping_status":"closed","template":"","meta":{"_acf_changed":false,"footnotes":""},"class_list":["post-859","page","type-page","status-publish","hentry"],"acf":[],"_links":{"self":[{"href":"https:\/\/www.add-genealogia.es\/pt-pt\/wp-json\/wp\/v2\/pages\/859","targetHints":{"allow":["GET"]}}],"collection":[{"href":"https:\/\/www.add-genealogia.es\/pt-pt\/wp-json\/wp\/v2\/pages"}],"about":[{"href":"https:\/\/www.add-genealogia.es\/pt-pt\/wp-json\/wp\/v2\/types\/page"}],"author":[{"embeddable":true,"href":"https:\/\/www.add-genealogia.es\/pt-pt\/wp-json\/wp\/v2\/users\/19"}],"replies":[{"embeddable":true,"href":"https:\/\/www.add-genealogia.es\/pt-pt\/wp-json\/wp\/v2\/comments?post=859"}],"version-history":[{"count":0,"href":"https:\/\/www.add-genealogia.es\/pt-pt\/wp-json\/wp\/v2\/pages\/859\/revisions"}],"wp:attachment":[{"href":"https:\/\/www.add-genealogia.es\/pt-pt\/wp-json\/wp\/v2\/media?parent=859"}],"curies":[{"name":"wp","href":"https:\/\/api.w.org\/{rel}","templated":true}]}}