{"id":862,"date":"2024-09-24T17:52:19","date_gmt":"2024-09-24T15:52:19","guid":{"rendered":"https:\/\/www.add-genealogia.es\/nosotros\/"},"modified":"2025-03-05T15:20:44","modified_gmt":"2025-03-05T14:20:44","slug":"acerca-da-add","status":"publish","type":"page","link":"https:\/\/www.add-genealogia.es\/pt-pt\/acerca-da-add\/","title":{"rendered":"Quem somos?"},"content":{"rendered":"\n<div class=\"wp-block-group is-style-container\"><div class=\"wp-block-group__inner-container is-layout-constrained wp-block-group-is-layout-constrained\">\n<h2 class=\"wp-block-heading\"><strong>Os nossos objetivos<\/strong><\/h2>\n\n\n\n<p><strong>Efici\u00eancia e qualidade<\/strong>:\u202fMobilizar os melhores recursos humanos e tecnol\u00f3gicos para oferecer ao cliente uma investiga\u00e7\u00e3o geneal\u00f3gica r\u00e1pida e com o melhor n\u00edvel de servi\u00e7o.&nbsp;<\/p>\n\n\n\n<p><strong>Cobertura geogr\u00e1fica e velocidade<\/strong>:\u202fAtrav\u00e9s de um \u00fanico contacto, encontrar os benefici\u00e1rios o mais rapidamente poss\u00edvel, em qualquer dos cinco continentes.&nbsp;<\/p>\n\n\n\n<p><strong>Excel\u00eancia operativa e inova\u00e7\u00e3o tecnol\u00f3gica:&nbsp;<\/strong><\/p>\n\n\n\n<ul class=\"wp-block-list\">\n<li>ADD Data: uma base de dados geneal\u00f3gica pr\u00f3pria, com mais de 500.000.000 de registos digitalizados e indexados.&nbsp;<\/li>\n\n\n\n<li>\u00c1rvore Geneal\u00f3gica Digital\u202f(TGD)&nbsp;<\/li>\n\n\n\n<li>Assinatura Eletr\u00f3nica de Documentos&nbsp;<\/li>\n<\/ul>\n\n\n\n<div class=\"wp-block-buttons is-layout-flex wp-block-buttons-is-layout-flex\">\n<div class=\"wp-block-button\"><a class=\"wp-block-button__link wp-element-button\" href=\"https:\/\/www.add-genealogia.es\/pt-pt\/contacto\/\"><strong>Contacte-nos hoje<\/strong><\/a><\/div>\n<\/div>\n<\/div><\/div>\n\n\n\n<div class=\"wp-block-group is-style-container\"><div class=\"wp-block-group__inner-container is-layout-constrained wp-block-group-is-layout-constrained\">\n<h2 class=\"wp-block-heading\"><strong>A equipa diretiva<\/strong><\/h2>\n\n\n\n<p>A nossa equipa de Madrid \u00e9 composta por profissionais com muitos anos de experi\u00eancia na localiza\u00e7\u00e3o de herdeiros e na gest\u00e3o de situa\u00e7\u00f5es patrimoniais n\u00e3o resolvidas.<\/p>\n\n\n\n<p><div class=\"wp-block-columns is-layout-flex wp-container-core-columns-is-layout-1 wp-block-columns-is-layout-flex\" style=\"gap: var(--bs-gutter-x);flex-wrap: nowrap;font-size: 16px\"><div class=\"wp-block-column is-layout-flow wp-block-column-is-layout-flow\" style=\"flex-grow: 1\"><figure class=\"wp-block-gallery has-nested-images columns-default is-cropped wp-block-gallery-1 is-layout-flex wp-block-gallery-is-layout-flex\" style=\"margin-bottom: 0px;gap: var( --wp--style--gallery-gap-default, var( --gallery-block--gutter-size, var( --wp--style--block-gap, 0.5em ) ) );--wp--style--unstable-gallery-gap: var( --wp--style--gallery-gap-default, var( --gallery-block--gutter-size, var( --wp--style--block-gap, 0.5em ) ) )\"><\/figure><\/div><\/div><\/p>\n\n\n\n\n\n                <div class=\"splide splide--gutenberg is-splide-team\" aria-labelledby=\"carousel-heading\">\n            <div class=\"splide__arrows splide__arrows--static\"><\/div>\n            <div class=\"splide__track\">\n                <ul class=\"splide__list\">\n                                            <li class=\"splide__slide\">\n                            <figure class=\"card card--humans\">\n                                <img loading=\"lazy\" decoding=\"async\" src=\"https:\/\/www.add-genealogia.es\/wp-content\/uploads\/sites\/2\/2024\/10\/Pierre-COYOLA-ADD-Genealogia.png\" data-id=\"413\" data-style=\"office-details-genealogist\" width=\"356\" height=\"450\" alt=\"\">\n                                <figcaption class=\"card-body\">\n                                    <p class=\"card-title\">\n                                        Pierre COYOLA Diretor                                        <span class=\"card-text\">Associado<br> Espanhol, Ingl\u00eas e Franc\u00eas<\/span>\n                                    <\/p>\n                                <\/figcaption>\n                            <\/figure>\n                        <\/li>\n                                            <li class=\"splide__slide\">\n                            <figure class=\"card card--humans\">\n                                <img loading=\"lazy\" decoding=\"async\" src=\"https:\/\/www.add-genealogia.es\/wp-content\/uploads\/sites\/2\/2024\/10\/Juan-JOSE-GONZALEZ-ADD-Genealogia.png\" data-id=\"413\" data-style=\"office-details-genealogist\" width=\"356\" height=\"450\" alt=\"\">\n                                <figcaption class=\"card-body\">\n                                    <p class=\"card-title\">\n                                        Juan JOS\u00c9 GONZ\u00c1LEZ                                        <span class=\"card-text\">Investigador<br> Espanhol, Galego e Portugu\u00eas<\/span>\n                                    <\/p>\n                                <\/figcaption>\n                            <\/figure>\n                        <\/li>\n                                            <li class=\"splide__slide\">\n                            <figure class=\"card card--humans\">\n                                <img loading=\"lazy\" decoding=\"async\" src=\"https:\/\/www.add-genealogia.es\/wp-content\/uploads\/sites\/2\/2024\/10\/Nuno-FERNANDES-ADD-Genealogia.png\" data-id=\"413\" data-style=\"office-details-genealogist\" width=\"356\" height=\"450\" alt=\"\">\n                                <figcaption class=\"card-body\">\n                                    <p class=\"card-title\">\n                                        Nuno FERNANDES                                        <span class=\"card-text\">Investigador<br> Espanhol, Ingl\u00eas, Italiano, Portugu\u00eas e Franc\u00eas<\/span>\n                                    <\/p>\n                                <\/figcaption>\n                            <\/figure>\n                        <\/li>\n                                    <\/ul>\n            <\/div>\n        <\/div>\n    <\/div><\/div>\n\n\n\n<div class=\"wp-block-group is-style-container\"><div class=\"wp-block-group__inner-container is-layout-constrained wp-block-group-is-layout-constrained\">\n<h2 class=\"wp-block-heading\"><strong>Os nossos valores<\/strong><\/h2>\n\n\n\n<p>A \u00e9tica, as garantias e a certifica\u00e7\u00e3o constituem a coluna vertebral do nosso ADN: Porque as sucess\u00f5es e as heran\u00e7as s\u00e3o complexas e delicadas, a confian\u00e7a e a \u00e9tica s\u00e3o fundamentais na abordagem da ADD GENEALOGIA.&nbsp;<\/p>\n\n\n\n<p>Desempenhamos um papel ativo nos organismos que regulam a nossa profiss\u00e3o, que, por sua vez, se rege por um\u202fc\u00f3digo \u00e9tico e deontol\u00f3gico.&nbsp;<\/p>\n\n\n\n<p>Oferecemos\u202fgarantias estritas, que superam amplamente os standards requeridos e que oferecem uma prote\u00e7\u00e3o essencial aos interessados, quer se trate de profissionais do setor ou de herdeiros:&nbsp;<\/p>\n\n\n\n<ul class=\"wp-block-list\">\n<li>Conta de Terceiros\u202fsegura com a Caisse des D\u00e9p\u00f4ts et Consignations&nbsp;<\/li>\n\n\n\n<li>Auditoria Anual\u202findependente da KPMG&nbsp;<\/li>\n<\/ul>\n<\/div><\/div>\n\n\n\n<div class=\"wp-block-group is-style-default has-light-background-color has-background\"><div class=\"wp-block-group__inner-container is-layout-constrained wp-block-group-is-layout-constrained\">\n\n\n<div class=\"wp-block-group is-style-container is-layout-constrained\" style=\"overflow:hidden\">    <div class=\"splide is-splide-section-card container\" aria-labelledby=\"carousel-heading\">\n        <div class=\"row row--section\">\n            <div class=\"col-12 col-md-6 col-lg-5 content\">\n                <h2 id=\"carousel-heading\"><\/h2>\n                                    <p><h2>Os nossos servi\u00e7os<\/h2><br \/>\r\nA nossa experi\u00eancia em genealogia sucess\u00f3ria, aliada \u00e0 nossa dimens\u00e3o internacional, permite-nos responder de maneira eficaz, r\u00e1pida e personalizada aos diferentes problemas de sucess\u00e3o a que se enfrentam os profissionais do direito e os particulares.<\/p>\n                \n                                                    \n                <div class=\"splide__arrows splide__arrows--static\"><\/div>\n            <\/div>\n\n            <div class=\"col-10 col-sm-12 col-md-6 col-lg-7 col-xl-6 slider offset-xl-1\">\n                <div class=\"splide__track\">\n                    <ul class=\"splide__list\">\n                                                    <li class=\"splide__slide\">\n                                \n<div class=\"card card--prestation card--bg\">\n    <div class=\"card-body\">\n        <h3 class=\"card-title\">Localiza\u00e7\u00e3o de herdeiros<\/h3>\n                    <p class=\"card-text\">Na ADD GENEALOGIA localizamos os benefici\u00e1rios de uma heran\u00e7a em qualquer parte do mundo, garantin &#8230;<\/p>\n            <\/div>\n    <div class=\"card-footer\">\n        <a href=\"https:\/\/www.add-genealogia.es\/pt-pt\/servicos\/localizacao-de-herdeiros\/\" class=\"btn btn-light btn-icon stretched-link\">\n            <svg alt=\"arrow\" width=\"11\" height=\"11\" class=\"icon lien\" ><use xlink:href=\"https:\/\/www.add-genealogia.es\/wp-content\/themes\/add\/dist\/icons\/sprite.svg#arrow\"><\/use><\/svg>        <\/a>\n    <\/div>\n<\/div>\n                            <\/li>\n                                                    <li class=\"splide__slide\">\n                                \n<div class=\"card card--prestation card--bg\">\n    <div class=\"card-body\">\n        <h3 class=\"card-title\">Dupla nacionalidade por ascend\u00eancia<\/h3>\n                    <p class=\"card-text\">Na ADD GENEALOGIA somos especialistas em conseguir a documenta\u00e7\u00e3o necess\u00e1ria para a obten\u00e7\u00e3o da &#8230;<\/p>\n            <\/div>\n    <div class=\"card-footer\">\n        <a href=\"https:\/\/www.add-genealogia.es\/pt-pt\/servicos\/dupla-nacionalidade\/\" class=\"btn btn-light btn-icon stretched-link\">\n            <svg alt=\"arrow\" width=\"11\" height=\"11\" class=\"icon lien\" ><use xlink:href=\"https:\/\/www.add-genealogia.es\/wp-content\/themes\/add\/dist\/icons\/sprite.svg#arrow\"><\/use><\/svg>        <\/a>\n    <\/div>\n<\/div>\n                            <\/li>\n                                            <\/ul>\n                <\/div>\n            <\/div>\n        <\/div>\n    <\/div>\n<\/div>\n<\/div><\/div>\n\n\n\n<div class=\"wp-block-group\"><div class=\"wp-block-group__inner-container is-layout-constrained wp-block-group-is-layout-constrained\">\n<div class=\"wp-block-columns is-layout-flex wp-container-core-columns-is-layout-9d6595d7 wp-block-columns-is-layout-flex\">\n<div class=\"wp-block-column is-vertically-aligned-center is-layout-flow wp-block-column-is-layout-flow\">\n<h2 class=\"wp-block-heading\"><strong>Rede de delega\u00e7\u00f5es<\/strong><\/h2>\n\n\n\n<p>ADD GENEALOGIA forma parte do grupo ADD ASSOCI\u00c9S, um dos l\u00edderes mundiais em genealogia sucess\u00f3ria e na localiza\u00e7\u00e3o de herdeiros. Com:<\/p>\n\n\n\n<ul class=\"wp-block-list\">\n<li>28 escrit\u00f3rios em Fran\u00e7a e 8 no estrangeiro\u202f&nbsp;<\/li>\n\n\n\n<li>Uma equipa internacional de investiga\u00e7\u00e3o interna, formada por especialistas poliglotas, permite-nos levar a cabo investiga\u00e7\u00f5es geneal\u00f3gicas, localizar e conhecer os benefici\u00e1rios rapidamente nos 5 continentes.\u202f&nbsp;<\/li>\n\n\n\n<li>ADD Data: base de dados geneal\u00f3gica exclusiva com mais de 500 milh\u00f5es de dados digitalizados e indexados\u202f\u202f&nbsp;<\/li>\n\n\n\n<li>\u00c1rvore Geneal\u00f3gica Digital (TGD)\u202f\u202f&nbsp;<\/li>\n\n\n\n<li>Assinatura eletr\u00f3nica dos documentos&nbsp;<\/li>\n<\/ul>\n\n\n\n<p>Tudo isto nos permite levar a cabo investiga\u00e7\u00f5es e encontrar benefici\u00e1rios em qualquer parte do mundo num curto prazo de tempo.<\/p>\n<\/div>\n\n\n\n<div class=\"wp-block-column is-vertically-aligned-center is-layout-flow wp-block-column-is-layout-flow\"><div class=\"wp-block-image is-style-rounded\">\n<figure class=\"aligncenter size-full is-resized\"><img loading=\"lazy\" decoding=\"async\" width=\"1000\" height=\"560\" src=\"https:\/\/www.add-genealogia.es\/wp-content\/uploads\/sites\/2\/2024\/10\/Red-de-oficinas-internacionales.jpg\" alt=\"\" class=\"wp-image-781\" style=\"aspect-ratio:3\/2;object-fit:cover;width:512px;height:auto\" srcset=\"https:\/\/www.add-genealogia.es\/wp-content\/uploads\/sites\/2\/2024\/10\/Red-de-oficinas-internacionales.jpg 1000w, https:\/\/www.add-genealogia.es\/wp-content\/uploads\/sites\/2\/2024\/10\/Red-de-oficinas-internacionales-300x168.jpg 300w, https:\/\/www.add-genealogia.es\/wp-content\/uploads\/sites\/2\/2024\/10\/Red-de-oficinas-internacionales-768x430.jpg 768w, https:\/\/www.add-genealogia.es\/wp-content\/uploads\/sites\/2\/2024\/10\/Red-de-oficinas-internacionales-662x371.jpg 662w, https:\/\/www.add-genealogia.es\/wp-content\/uploads\/sites\/2\/2024\/10\/Red-de-oficinas-internacionales-985x551.jpg 985w, https:\/\/www.add-genealogia.es\/wp-content\/uploads\/sites\/2\/2024\/10\/Red-de-oficinas-internacionales-512x286.jpg 512w\" sizes=\"auto, (max-width: 1000px) 100vw, 1000px\" \/><\/figure>\n<\/div><\/div>\n<\/div>\n<\/div><\/div>\n\n\n\n<div class=\"wp-block-group has-light-background-color has-background\"><div class=\"wp-block-group__inner-container is-layout-constrained wp-block-group-is-layout-constrained\">\n<div class=\"wp-block-columns is-layout-flex wp-container-core-columns-is-layout-9d6595d7 wp-block-columns-is-layout-flex\">\n<div class=\"wp-block-column is-vertically-aligned-center is-layout-flow wp-block-column-is-layout-flow\"><div class=\"wp-block-image is-style-rounded\">\n<figure class=\"aligncenter size-large is-resized\"><img loading=\"lazy\" decoding=\"async\" width=\"1024\" height=\"677\" src=\"https:\/\/www.add-genealogia.es\/wp-content\/uploads\/sites\/2\/2024\/10\/Contactenos-hoy-1024x677.png\" alt=\"\" class=\"wp-image-666\" style=\"aspect-ratio:3\/2;object-fit:cover;width:512px\" srcset=\"https:\/\/www.add-genealogia.es\/wp-content\/uploads\/sites\/2\/2024\/10\/Contactenos-hoy-1024x677.png 1024w, https:\/\/www.add-genealogia.es\/wp-content\/uploads\/sites\/2\/2024\/10\/Contactenos-hoy-300x198.png 300w, https:\/\/www.add-genealogia.es\/wp-content\/uploads\/sites\/2\/2024\/10\/Contactenos-hoy-768x508.png 768w, https:\/\/www.add-genealogia.es\/wp-content\/uploads\/sites\/2\/2024\/10\/Contactenos-hoy-662x438.png 662w, https:\/\/www.add-genealogia.es\/wp-content\/uploads\/sites\/2\/2024\/10\/Contactenos-hoy.png 1080w\" sizes=\"auto, (max-width: 1024px) 100vw, 1024px\" \/><\/figure>\n<\/div><\/div>\n\n\n\n<div class=\"wp-block-column is-vertically-aligned-center is-layout-flow wp-block-column-is-layout-flow\">\n<h2 class=\"wp-block-heading\"><strong>Contacte-nos hoje mesmo<\/strong><\/h2>\n\n\n\n<p>Se tiver alguma pergunta sobre como localizar um herdeiro, a obten\u00e7\u00e3o de dupla cidadania ou qualquer assunto relacionado com a investiga\u00e7\u00e3o geneal\u00f3gica, n\u00e3o hesite em contactar-nos. Na ADD GENEALOGIA, contamos com mais de 30 anos de experi\u00eancia e com uma equipa pronta para lhe ajudar a encontrar a documenta\u00e7\u00e3o de que necessita. Contacte-nos hoje mesmo para analisarmos juntos as possibilidades da sua cidadania europeia.<\/p>\n\n\n\n<div class=\"wp-block-buttons is-layout-flex wp-block-buttons-is-layout-flex\">\n<div class=\"wp-block-button\"><a class=\"wp-block-button__link wp-element-button\" href=\"https:\/\/www.add-genealogia.es\/pt-pt\/contacto\/\"><strong>Contacte-nos hoje<\/strong><\/a><\/div>\n<\/div>\n<\/div>\n<\/div>\n\n\n\n<p><\/p>\n<\/div><\/div>\n","protected":false},"excerpt":{"rendered":"<p>Os nossos objetivos Efici\u00eancia e qualidade:\u202fMobilizar os melhores recursos humanos e tecnol\u00f3gicos para oferecer ao cliente uma investiga\u00e7\u00e3o geneal\u00f3gica r\u00e1pida e com o melhor n\u00edvel de servi\u00e7o.&nbsp; Cobertura geogr\u00e1fica e velocidade:\u202fAtrav\u00e9s de um \u00fanico contacto, encontrar os benefici\u00e1rios o mais rapidamente poss\u00edvel, em qualquer dos cinco continentes.&nbsp; Excel\u00eancia operativa e inova\u00e7\u00e3o tecnol\u00f3gica:&nbsp; A equipa diretiva [&hellip;]<\/p>\n","protected":false},"author":19,"featured_media":0,"parent":0,"menu_order":0,"comment_status":"closed","ping_status":"closed","template":"","meta":{"_acf_changed":true,"footnotes":""},"class_list":["post-862","page","type-page","status-publish","hentry"],"acf":[],"_links":{"self":[{"href":"https:\/\/www.add-genealogia.es\/pt-pt\/wp-json\/wp\/v2\/pages\/862","targetHints":{"allow":["GET"]}}],"collection":[{"href":"https:\/\/www.add-genealogia.es\/pt-pt\/wp-json\/wp\/v2\/pages"}],"about":[{"href":"https:\/\/www.add-genealogia.es\/pt-pt\/wp-json\/wp\/v2\/types\/page"}],"author":[{"embeddable":true,"href":"https:\/\/www.add-genealogia.es\/pt-pt\/wp-json\/wp\/v2\/users\/19"}],"replies":[{"embeddable":true,"href":"https:\/\/www.add-genealogia.es\/pt-pt\/wp-json\/wp\/v2\/comments?post=862"}],"version-history":[{"count":0,"href":"https:\/\/www.add-genealogia.es\/pt-pt\/wp-json\/wp\/v2\/pages\/862\/revisions"}],"wp:attachment":[{"href":"https:\/\/www.add-genealogia.es\/pt-pt\/wp-json\/wp\/v2\/media?parent=862"}],"curies":[{"name":"wp","href":"https:\/\/api.w.org\/{rel}","templated":true}]}}